{"id":5934,"date":"2023-10-10T20:32:28","date_gmt":"2023-10-11T00:32:28","guid":{"rendered":"https:\/\/businesstechnologyteam.com\/?page_id=5934"},"modified":"2023-10-21T23:13:06","modified_gmt":"2023-10-22T03:13:06","slug":"proyectos-erp","status":"publish","type":"page","link":"https:\/\/businesstechnologyteam.com\/index.php\/proyectos-erp\/","title":{"rendered":"Proyectos ERP"},"content":{"rendered":"\n<div class=\"wp-block-columns alignfull are-vertically-aligned-top is-not-stacked-on-mobile is-layout-flex wp-container-core-columns-is-layout-5 wp-block-columns-is-layout-flex\" style=\"border-style:none;border-width:0px;padding-right:29px;padding-left:29px\">\n<div class=\"wp-block-column is-vertically-aligned-top is-layout-flow wp-block-column-is-layout-flow\" style=\"flex-basis:100%\">\n<div class=\"wp-block-columns are-vertically-aligned-top is-not-stacked-on-mobile wp-container-content-1 is-layout-flex wp-container-core-columns-is-layout-4 wp-block-columns-is-layout-flex\" style=\"border-style:none;border-width:0px\">\n<div class=\"wp-block-column is-vertically-aligned-top is-layout-flow wp-block-column-is-layout-flow\"><div data-block-name=\"woocommerce\/single-product\" data-product-id=\"5930\" class=\"woocommerce\">\n\t\t\t\t\n<div class=\"wp-block-woocommerce-single-product\">\n<div class=\"wp-block-columns are-vertically-aligned-center is-layout-flex wp-container-core-columns-is-layout-1 wp-block-columns-is-layout-flex\">\n<div class=\"wp-block-column is-vertically-aligned-center is-layout-flow wp-block-column-is-layout-flow\"><h2 class=\"has-text-align-center wp-block-post-title has-small-medium-font-size\"><a href=\"https:\/\/businesstechnologyteam.com\/index.php\/product\/diseno-del-erp\/\" target=\"_self\" >Dise\u00f1o del ERP&#8217;S<\/a><\/h2>\n\n<div class=\"has-text-align-center wp-block-post-excerpt\"><p class=\"wp-block-post-excerpt__excerpt\">Un proyecto de ERP (Enterprise Resource Planning) con dise\u00f1o del ERP implica la planificaci\u00f3n, desarrollo y configuraci\u00f3n de un sistema ERP.<\/p><p class=\"wp-block-post-excerpt__more-text\"><a class=\"wp-block-post-excerpt__more-link\" href=\"https:\/\/businesstechnologyteam.com\/index.php\/product\/diseno-del-erp\/\">Leer m\u00e1s&#8230;<\/a><\/p><\/div><\/div>\n<\/div>\n<\/div>\n\n\t\t\t<\/div><\/div>\n\n\n\n<div class=\"wp-block-column is-vertically-aligned-top is-layout-flow wp-block-column-is-layout-flow\"><div data-block-name=\"woocommerce\/single-product\" data-product-id=\"5931\" class=\"woocommerce\">\n\t\t\t\t\n<div class=\"wp-block-woocommerce-single-product\">\n<div class=\"wp-block-columns are-vertically-aligned-center is-not-stacked-on-mobile is-layout-flex wp-container-core-columns-is-layout-2 wp-block-columns-is-layout-flex\">\n<div class=\"wp-block-column is-vertically-aligned-center is-layout-flow wp-block-column-is-layout-flow\"><h2 class=\"has-text-align-center wp-block-post-title has-small-medium-font-size\"><a href=\"https:\/\/businesstechnologyteam.com\/index.php\/product\/implementacion-erp\/\" target=\"_self\" >Implementaci\u00f3n ERP&#8217;S<\/a><\/h2>\n\n<div class=\"has-text-align-center wp-block-post-excerpt\"><p class=\"wp-block-post-excerpt__excerpt\">Un proyecto de implementaci\u00f3n de un ERP implica la instalaci\u00f3n, configuraci\u00f3n y adopci\u00f3n de ERP en una organizaci\u00f3n para mejorar la gesti\u00f3n.<\/p><p class=\"wp-block-post-excerpt__more-text\"><a class=\"wp-block-post-excerpt__more-link\" href=\"https:\/\/businesstechnologyteam.com\/index.php\/product\/implementacion-erp\/\">Leer m\u00e1s&#8230;<\/a><\/p><\/div><\/div>\n<\/div>\n<\/div>\n\n\t\t\t<\/div><\/div>\n\n\n\n<div class=\"wp-block-column is-vertically-aligned-top is-layout-flow wp-block-column-is-layout-flow\"><div data-block-name=\"woocommerce\/single-product\" data-product-id=\"5929\" class=\"woocommerce\">\n\t\t\t\t\n<div class=\"wp-block-woocommerce-single-product\">\n<div class=\"wp-block-columns are-vertically-aligned-center is-layout-flex wp-container-core-columns-is-layout-3 wp-block-columns-is-layout-flex\">\n<div class=\"wp-block-column is-vertically-aligned-center is-layout-flow wp-block-column-is-layout-flow\"><h2 class=\"has-text-align-center wp-block-post-title has-small-medium-font-size\"><a href=\"https:\/\/businesstechnologyteam.com\/index.php\/product\/levantamiento-de-informacion\/\" target=\"_self\" >Levantamiento de Informaci\u00f3n<\/a><\/h2>\n\n<div class=\"has-text-align-center wp-block-post-excerpt\"><p class=\"wp-block-post-excerpt__excerpt\">Un proyecto de implementaci\u00f3n de un sistema ERP con Levantamiento de Informaci\u00f3n es un proceso cr\u00edtico para el \u00e9xito de la implementaci\u00f3n.<\/p><p class=\"wp-block-post-excerpt__more-text\"><a class=\"wp-block-post-excerpt__more-link\" href=\"https:\/\/businesstechnologyteam.com\/index.php\/product\/levantamiento-de-informacion\/\">Leer m\u00e1s&#8230;<\/a><\/p><\/div><\/div>\n<\/div>\n<\/div>\n\n\t\t\t<\/div><\/div>\n<\/div>\n<\/div>\n<\/div>\n\n\n\n<div class=\"wp-block-columns alignfull are-vertically-aligned-center is-layout-flex wp-container-core-columns-is-layout-8 wp-block-columns-is-layout-flex\">\n<div class=\"wp-block-column is-vertically-aligned-center is-layout-flow wp-block-column-is-layout-flow\"><div data-block-name=\"woocommerce\/single-product\" data-product-id=\"5933\" class=\"woocommerce\">\n\t\t\t\t\n<div class=\"wp-block-woocommerce-single-product\">\n<div class=\"wp-block-columns is-layout-flex wp-container-core-columns-is-layout-6 wp-block-columns-is-layout-flex\">\n<div class=\"wp-block-column is-layout-flow wp-block-column-is-layout-flow\"><h2 class=\"has-text-align-center wp-block-post-title has-small-medium-font-size\"><a href=\"https:\/\/businesstechnologyteam.com\/index.php\/product\/retroalimentacion-de-nuevas-opciones-y-reportes\/\" target=\"_self\" >Retroalimentaci\u00f3n de nuevas opciones y\u00a0reportes<\/a><\/h2>\n\n<div class=\"has-text-align-center wp-block-post-excerpt\"><p class=\"wp-block-post-excerpt__excerpt\">Un proyecto de ERP con retroalimentaci\u00f3n de nuevas opciones y reportes implica la capacidad de adaptar y mejorar continuamente el sistema ERP en funci\u00f3n de las necesidades cambiantes de la&hellip;<\/p><p class=\"wp-block-post-excerpt__more-text\"><a class=\"wp-block-post-excerpt__more-link\" href=\"https:\/\/businesstechnologyteam.com\/index.php\/product\/retroalimentacion-de-nuevas-opciones-y-reportes\/\">Leer m\u00e1s&#8230;<\/a><\/p><\/div><\/div>\n<\/div>\n<\/div>\n\n\t\t\t<\/div><\/div>\n\n\n\n<div class=\"wp-block-column is-layout-flow wp-block-column-is-layout-flow\" style=\"flex-basis:400px\"><\/div>\n\n\n\n<div class=\"wp-block-column is-vertically-aligned-center is-layout-flow wp-block-column-is-layout-flow\"><div data-block-name=\"woocommerce\/single-product\" data-product-id=\"5932\" class=\"woocommerce\">\n\t\t\t\t\n<div class=\"wp-block-woocommerce-single-product\">\n<div class=\"wp-block-columns is-layout-flex wp-container-core-columns-is-layout-7 wp-block-columns-is-layout-flex\">\n<div class=\"wp-block-column is-vertically-aligned-top is-layout-flow wp-block-column-is-layout-flow\"><h2 class=\"has-text-align-center wp-block-post-title has-small-medium-font-size\"><a href=\"https:\/\/businesstechnologyteam.com\/index.php\/product\/puesta-en-produccion-y-seguimiento\/\" target=\"_self\" >Producci\u00f3n y seguimiento<\/a><\/h2>\n\n<div class=\"has-text-align-center wp-block-post-excerpt\"><p class=\"wp-block-post-excerpt__excerpt\">En un proyecto de ERP con puesta en producci\u00f3n y seguimiento, se lleva a cabo la etapa final de implementaci\u00f3n del sistema ERP.<\/p><p class=\"wp-block-post-excerpt__more-text\"><a class=\"wp-block-post-excerpt__more-link\" href=\"https:\/\/businesstechnologyteam.com\/index.php\/product\/puesta-en-produccion-y-seguimiento\/\">Leer m\u00e1s&#8230;<\/a><\/p><\/div><\/div>\n<\/div>\n<\/div>\n\n\t\t\t<\/div><\/div>\n<\/div>\n","protected":false},"excerpt":{"rendered":"","protected":false},"author":1,"featured_media":0,"parent":0,"menu_order":0,"comment_status":"closed","ping_status":"closed","template":"","meta":{"om_disable_all_campaigns":false,"_monsterinsights_skip_tracking":false,"_monsterinsights_sitenote_active":false,"_monsterinsights_sitenote_note":"","_monsterinsights_sitenote_category":0,"footnotes":""},"class_list":["post-5934","page","type-page","status-publish","hentry"],"aioseo_notices":[],"jetpack_sharing_enabled":true,"_links":{"self":[{"href":"https:\/\/businesstechnologyteam.com\/index.php\/wp-json\/wp\/v2\/pages\/5934"}],"collection":[{"href":"https:\/\/businesstechnologyteam.com\/index.php\/wp-json\/wp\/v2\/pages"}],"about":[{"href":"https:\/\/businesstechnologyteam.com\/index.php\/wp-json\/wp\/v2\/types\/page"}],"author":[{"embeddable":true,"href":"https:\/\/businesstechnologyteam.com\/index.php\/wp-json\/wp\/v2\/users\/1"}],"replies":[{"embeddable":true,"href":"https:\/\/businesstechnologyteam.com\/index.php\/wp-json\/wp\/v2\/comments?post=5934"}],"version-history":[{"count":25,"href":"https:\/\/businesstechnologyteam.com\/index.php\/wp-json\/wp\/v2\/pages\/5934\/revisions"}],"predecessor-version":[{"id":6021,"href":"https:\/\/businesstechnologyteam.com\/index.php\/wp-json\/wp\/v2\/pages\/5934\/revisions\/6021"}],"wp:attachment":[{"href":"https:\/\/businesstechnologyteam.com\/index.php\/wp-json\/wp\/v2\/media?parent=5934"}],"curies":[{"name":"wp","href":"https:\/\/api.w.org\/{rel}","templated":true}]}}