{"id":116,"date":"2023-09-18T19:03:16","date_gmt":"2023-09-18T23:03:16","guid":{"rendered":"https:\/\/businesstechnologyteam.com\/?post_type=product&#038;p=116"},"modified":"2024-11-30T12:32:11","modified_gmt":"2024-11-30T17:32:11","slug":"curso-excel-nivel-basico","status":"publish","type":"product","link":"https:\/\/businesstechnologyteam.com\/index.php\/product\/curso-excel-nivel-basico\/","title":{"rendered":"Nivel B\u00e1sico"},"content":{"rendered":"<p>Este Curso Excel le permitir\u00e1 tener mayor visibilidad y mejor comprensi\u00f3n del negocio, por medio de dashboard o tableros de informaci\u00f3n realizados en Excel, con la finalidad de tomar decisiones oportunas basadas en patrones de comportamientos, tendencias y desviaciones; obteniendo como objetivo de mejorar el rendimiento del negocio.<\/p>\n<hr \/>\n<p><strong>FECHA:<br \/>\n<\/strong>A convenir<br \/>\n<strong>DURACI\u00d3N:<br \/>\n<\/strong>12 Horas<br \/>\n<strong>OBJETIVO GENERAL:<\/strong><br \/>\nAl finalizar el curso los participantes estar\u00e1n en capacidad de administrar la informaci\u00f3n del negocio a fin de utilizarla a favor de su negocio, llegando r\u00e1pidamente al conocimiento \u00fatil con una plataforma f\u00e1cil, r\u00e1pida e inteligente.<br \/>\n<strong>OBJETIVOS ESPEC\u00cdFICOS:<br \/>\n<\/strong>Al finalizar el curso los participantes estar\u00e1n en capacidad de:<br \/>\n\u2981\u00a0Integrar el an\u00e1lisis en todo el proceso de toma de decisiones.<br \/>\n\u2981\u00a0Explorar libremente la informaci\u00f3n, mezclarla, interactuar con ella y compartirla con cualquier nivel de detalle.<br \/>\n\u2981\u00a0Realizar an\u00e1lisis Inteligentes, m\u00e1s r\u00e1pidos y sencillos.<br \/>\n\u2981\u00a0Mantener mayor visibilidad y mejor comprensi\u00f3n del negocio<br \/>\n\u2981\u00a0Mejorar la capacidad de toma de decisiones.<br \/>\n<strong>COMPETENCIAS:<br \/>\n<\/strong>\u2981\u00a0Dominar nuevos conocimientos t\u00e9cnicos y comerciales.<br \/>\n\u2981\u00a0Adaptar procedimientos que solucionen problemas.<br \/>\n\u2981\u00a0Generar t\u00e9cnicas inform\u00e1ticas que se requieren para aumentar el rendimiento del negocio.<br \/>\n<strong>DIRIGIDO A:<br \/>\n<\/strong>Personas que administran informaci\u00f3n en diferentes \u00e1mbitos: Financiero, marketing, recursos humanos, ventas, entre otros.<br \/>\n<strong>CONTENIDO:<br \/>\n<\/strong><em>Unidad 1: Introducci\u00f3n de Business Intelligence con Excel<br \/>\n<\/em>\u2981\u00a0Descripci\u00f3n de herramientas para vincular tablas<br \/>\n\u2981 Funciones de B\u00fasqueda<br \/>\n\u2981 Filtros avanzados<br \/>\n\u2981\u00a0Validaciones de datos<br \/>\n\u2981\u00a0Formato condicional<br \/>\n<em>Unidad 2: Tablas y gr\u00e1ficos din\u00e1micos avanzados<br \/>\n<\/em>\u2981\u00a0Introducci\u00f3n a los dashboards<br \/>\n\u2981\u00a0Manejo de tablas din\u00e1micas en excel<br \/>\n\u2981 Totalizaciones &#8211; configuraci\u00f3n de campo de valor<br \/>\n\u2981\u00a0Creaci\u00f3n de campos calculados.<br \/>\n\u2981\u00a0Manejo de gr\u00e1ficos din\u00e1micos \u2013 Dashboard<br \/>\n<em>Unidad 3: Herramientas para Dashboards<br \/>\n<\/em>\u2981 Modelamiento de datos<br \/>\n\u2981 Obteniendo informaci\u00f3n de bases de datos.<br \/>\n\u2981\u00a0Manejo de Power Pivot<br \/>\n\u2981\u00a0Funciones Dax en c\u00e1lculos para dashboards<br \/>\n\u2981\u00a0Utilizando Power View<br \/>\n\u2981\u00a0Utilizando Power Map<br \/>\n<em>Unidad 4: Gr\u00e1ficos de Excel para dashboards<br \/>\n<\/em>\u2981\u00a0Creando gr\u00e1ficos interactivos<br \/>\n\u2981\u00a0Utilizando segmentaci\u00f3n de datos<br \/>\n\u2981\u00a0Usando conexi\u00f3n entre gr\u00e1ficos y tablas en dashboards.<br \/>\n\u2981\u00a0Analizando informaci\u00f3n en dashboards.<br \/>\n<strong>METODOLOG\u00cdA DE TRABAJO:<br \/>\n<\/strong>\u2981\u00a0Curso 100% On Line en LMS Blackboard\u00ae.<br \/>\n\u2981\u00a0Aprendizaje de forma s\u00edncrona con gu\u00eda de tutor.<br \/>\n\u2981\u00a0Los participantes deber\u00e1n revisar las lecturas propuestas de pre y post sesi\u00f3n.<br \/>\n\u2981\u00a0El formador interactuar\u00e1 en todo momento con los participantes, guiar\u00e1 diferentes din\u00e1micas, herramientas y t\u00e9cnicas actualizadas para garantizar el aprendizaje significativo.<br \/>\n<strong>EVALUACI\u00d3N:<br \/>\n<\/strong>Participaci\u00f3n en sesiones de clase<br \/>\n<strong>INSTRUCTORA:<br \/>\n<\/strong>Ing. Vilma \u00c1lvarez Intriago, MAE, MATI<br \/>\nProfesional con amplia experiencia laboral. Ingeniera en Computaci\u00f3n (ESPOL), Mag\u00edster en Administraci\u00f3n de Empresas (ESPAE); Diplomado en Educaci\u00f3n Superior (UEES); Magister en Auditor\u00eda de Tecnolog\u00eda de Informaci\u00f3n (UEES).<\/p>\n","protected":false},"excerpt":{"rendered":"<p>\u2713 Manejo de hojas de c\u00e1lculo, celdas<br \/>\u2713 F\u00f3rmulas b\u00e1sicas<br \/>\u2713 Funci\u00f3nes b\u00e1sicas<br \/>\u2713 Manejo de gr\u00e1ficos<br \/>\u2713 Manejo de Listas: ordenar, filtrar<br \/>\u2713 Configuraci\u00f3n de impresi\u00f3n<\/p>\n","protected":false},"featured_media":5760,"comment_status":"open","ping_status":"closed","template":"","meta":{"om_disable_all_campaigns":false,"_monsterinsights_skip_tracking":false,"_monsterinsights_sitenote_active":false,"_monsterinsights_sitenote_note":"","_monsterinsights_sitenote_category":0},"product_cat":[28,29],"product_tag":[],"class_list":["post-116","product","type-product","status-publish","has-post-thumbnail","hentry","product_cat-cursos","product_cat-cursos-excel"],"aioseo_notices":[],"jetpack_sharing_enabled":true,"_links":{"self":[{"href":"https:\/\/businesstechnologyteam.com\/index.php\/wp-json\/wp\/v2\/product\/116"}],"collection":[{"href":"https:\/\/businesstechnologyteam.com\/index.php\/wp-json\/wp\/v2\/product"}],"about":[{"href":"https:\/\/businesstechnologyteam.com\/index.php\/wp-json\/wp\/v2\/types\/product"}],"replies":[{"embeddable":true,"href":"https:\/\/businesstechnologyteam.com\/index.php\/wp-json\/wp\/v2\/comments?post=116"}],"wp:featuredmedia":[{"embeddable":true,"href":"https:\/\/businesstechnologyteam.com\/index.php\/wp-json\/wp\/v2\/media\/5760"}],"wp:attachment":[{"href":"https:\/\/businesstechnologyteam.com\/index.php\/wp-json\/wp\/v2\/media?parent=116"}],"wp:term":[{"taxonomy":"product_cat","embeddable":true,"href":"https:\/\/businesstechnologyteam.com\/index.php\/wp-json\/wp\/v2\/product_cat?post=116"},{"taxonomy":"product_tag","embeddable":true,"href":"https:\/\/businesstechnologyteam.com\/index.php\/wp-json\/wp\/v2\/product_tag?post=116"}],"curies":[{"name":"wp","href":"https:\/\/api.w.org\/{rel}","templated":true}]}}