{"id":117,"date":"2023-09-18T19:03:35","date_gmt":"2023-09-18T23:03:35","guid":{"rendered":"https:\/\/businesstechnologyteam.com\/?post_type=product&#038;p=117"},"modified":"2024-07-04T13:14:36","modified_gmt":"2024-07-04T17:14:36","slug":"curso-excel-nivel-nivel-intermedio-avanzado","status":"publish","type":"product","link":"https:\/\/businesstechnologyteam.com\/index.php\/product\/curso-excel-nivel-nivel-intermedio-avanzado\/","title":{"rendered":"Nivel Intermedio Avanzado"},"content":{"rendered":"<p style=\"text-align: left;\">Este Curso de Excel le permite conocer el manejo de opciones intermedias &#8211; avanzadas de la herramienta con el que lograr\u00e1 un buen desempe\u00f1o en su vida laboral, siendo eficiente al minimizar el tiempo de respuesta en los objetivos asignados.<\/p>\n<hr \/>\n<p style=\"text-align: left;\"><strong>FECHA:<\/strong><br \/>\nA convenir<br \/>\n<strong>DURACI\u00d3N:<\/strong><br \/>\n12 Horas<br \/>\n<strong>OBJETIVO:<\/strong><br \/>\nAl finalizar el curso los participantes estar\u00e1n en capacidad de: Administrar la informaci\u00f3n del negocio, a fin de llegar r\u00e1pidamente al conocimiento \u00fatil con una plataforma f\u00e1cil, r\u00e1pida e inteligente. Y de manera espec\u00edfica podr\u00e1n:<br \/>\n\u2981\u00a0 Obtener resultados de c\u00e1lculos realizados a trav\u00e9s de f\u00f3rmulas y funciones avanzadas.<br \/>\n\u2981\u00a0 Manejo de listas de grandes vol\u00famenes de datos, utilizando la opci\u00f3n de ordenar listas, filtros.<br \/>\n\u2981\u00a0 Manejo de herramientas de Excel para toma de decisiones como tablas din\u00e1micas, solver, escenarios.<br \/>\n\u2981\u00a0 Manejar automatizaciones de secuencia de actividades por medio de macros.<br \/>\n<strong>COMPETENCIAS:<\/strong><br \/>\nLos alumnos obtendr\u00e1n las siguientes competencias:<br \/>\n\u2981\u00a0 Dominar nuevos conocimientos t\u00e9cnicos y comerciales.<br \/>\n\u2981\u00a0 Adaptar procedimientos que solucionen problemas.<br \/>\n\u2981\u00a0 Generar t\u00e9cnicas inform\u00e1ticas que se requieren para aumentar el rendimiento del negocio.<br \/>\n\u2981\u00a0 Trabajar en equipo<br \/>\n<strong>DIRIGIDO A:<\/strong><br \/>\nP\u00fablico en general y profesionales de las diferentes disciplinas que desean optimizar sus recursos manejando herramientas inform\u00e1ticas.<br \/>\n<strong>CONTENIDO:<\/strong><br \/>\n<em>Unidad 1: Manejo de V\u00ednculos y Funciones<\/em><br \/>\n\u2981\u00a0 Manejo de V\u00ednculos en MS. Excel<br \/>\n\u2981\u00a0 Manejo de funciones avanzadas<br \/>\n\u2981\u00a0 Manejo de funciones anidadas<br \/>\n<em>Unidad 2: Manejo de Listas y Filtros<br \/>\n<\/em>\u2981\u00a0 Manejo de listas<br \/>\n\u2981\u00a0 Ordenar listas<br \/>\n\u2981\u00a0 Manejo de autofiltros y filtros avanzados<br \/>\n\u2981\u00a0 Formato Condicional<br \/>\n\u2981\u00a0 Manejo de subtotales<br \/>\n<em>Unidad 3: Manejo de Gr\u00e1ficos<br \/>\n<\/em>\u2981\u00a0 Utilizaci\u00f3n de gr\u00e1ficos<br \/>\n\u2981\u00a0 Gr\u00e1ficos combinados<br \/>\n\u2981\u00a0 Personalizar gr\u00e1ficos<br \/>\n<em>Unidad 4: Tablas din\u00e1micas, gr\u00e1ficos din\u00e1micos y dashboards<br \/>\n<\/em>\u2981\u00a0 Dise\u00f1o de Tablas Din\u00e1micas.<br \/>\n\u2981\u00a0 Modificaci\u00f3n y personalizaci\u00f3n de Tablas Din\u00e1micas<br \/>\n\u2981\u00a0 Manejo de campos, totales y filtros<br \/>\n\u2981\u00a0 Configuraci\u00f3n de campo de valor<br \/>\n\u2981\u00a0 Campos calculados<br \/>\n\u2981\u00a0 Creaci\u00f3n de gr\u00e1ficos din\u00e1micos<br \/>\n<strong>METODOLOG\u00cdA DE TRABAJO:<\/strong><br \/>\n\u2981 100% On Line<br \/>\n\u2981\u00a0 Aprendizaje de forma s\u00edncrona con gu\u00eda de tutor.<br \/>\n\u2981 El formador interactuar\u00e1 en todo momento con los participantes, guiar\u00e1 diferentes din\u00e1micas y ejercicios para garantizar el aprendizaje de conocimientos.<br \/>\n<strong>EVALUACI\u00d3N:<\/strong><br \/>\n\u2981\u00a0Participaci\u00f3n en sesiones de clase<br \/>\n<strong>INSTRUCTORA:<\/strong><br \/>\nIng. Vilma \u00c1lvarez Intriago, MAE, MATI<br \/>\nProfesional con amplia experiencia laboral. Ingeniera en Computaci\u00f3n (ESPOL), Mag\u00edster en Administraci\u00f3n de Empresas (ESPAE); Diplomado en Educaci\u00f3n Superior (UEES); Magister en Auditor\u00eda de Tecnolog\u00eda de Informaci\u00f3n (UEES).<\/p>\n","protected":false},"excerpt":{"rendered":"<p>\u2713 Referencias relativas, absolutas y mixtas<br \/>\u2713 Funciones intermedias: BuscarV, Funci\u00f3n SI, entre otras<br \/>\u2713 Ordenar listas por niveles<br \/>\u2713 Subtotales por niveles<br \/>\u2713 Formato condicional<br \/>\u2713 Tablas din\u00e1micas<\/p>\n","protected":false},"featured_media":5760,"comment_status":"open","ping_status":"closed","template":"","meta":{"om_disable_all_campaigns":false,"_monsterinsights_skip_tracking":false,"_monsterinsights_sitenote_active":false,"_monsterinsights_sitenote_note":"","_monsterinsights_sitenote_category":0},"product_cat":[28,29],"product_tag":[],"class_list":["post-117","product","type-product","status-publish","has-post-thumbnail","hentry","product_cat-cursos","product_cat-cursos-excel"],"aioseo_notices":[],"jetpack_sharing_enabled":true,"_links":{"self":[{"href":"https:\/\/businesstechnologyteam.com\/index.php\/wp-json\/wp\/v2\/product\/117"}],"collection":[{"href":"https:\/\/businesstechnologyteam.com\/index.php\/wp-json\/wp\/v2\/product"}],"about":[{"href":"https:\/\/businesstechnologyteam.com\/index.php\/wp-json\/wp\/v2\/types\/product"}],"replies":[{"embeddable":true,"href":"https:\/\/businesstechnologyteam.com\/index.php\/wp-json\/wp\/v2\/comments?post=117"}],"wp:featuredmedia":[{"embeddable":true,"href":"https:\/\/businesstechnologyteam.com\/index.php\/wp-json\/wp\/v2\/media\/5760"}],"wp:attachment":[{"href":"https:\/\/businesstechnologyteam.com\/index.php\/wp-json\/wp\/v2\/media?parent=117"}],"wp:term":[{"taxonomy":"product_cat","embeddable":true,"href":"https:\/\/businesstechnologyteam.com\/index.php\/wp-json\/wp\/v2\/product_cat?post=117"},{"taxonomy":"product_tag","embeddable":true,"href":"https:\/\/businesstechnologyteam.com\/index.php\/wp-json\/wp\/v2\/product_tag?post=117"}],"curies":[{"name":"wp","href":"https:\/\/api.w.org\/{rel}","templated":true}]}}