{"id":118,"date":"2023-09-18T19:10:34","date_gmt":"2023-09-18T23:10:34","guid":{"rendered":"https:\/\/businesstechnologyteam.com\/?post_type=product&#038;p=118"},"modified":"2025-02-10T11:02:31","modified_gmt":"2025-02-10T16:02:31","slug":"curso-excel-business-analytics-con","status":"publish","type":"product","link":"https:\/\/businesstechnologyteam.com\/index.php\/product\/curso-excel-business-analytics-con\/","title":{"rendered":"Business Analytics con Excel"},"content":{"rendered":"<p>Este Curso Excel le permitir\u00e1 tener mayor visibilidad y mejor comprensi\u00f3n del negocio, por medio de Analytics utilizando tableros de informaci\u00f3n realizados en Excel, con la finalidad de tomar decisiones oportunas basadas en patrones de comportamientos, tendencias y desviaciones; obteniendo como objetivo de mejorar el rendimiento del negocio.<\/p>\n<hr \/>\n<p><strong>FECHA:<br \/>\n<\/strong>A convenir<br \/>\n<strong>DURACI\u00d3N:<br \/>\n<\/strong>15 Horas<br \/>\n<strong>OBJETIVO GENERAL:<br \/>\n<\/strong>Administrar la informaci\u00f3n del negocio a fin de utilizarla a favor de su negocio, llegando r\u00e1pidamente al conocimiento \u00fatil con una plataforma f\u00e1cil, r\u00e1pida e inteligente.<br \/>\n<strong>OBJETIVOS ESPEC\u00cdFICOS:<br \/>\n<\/strong>\u2981\u00a0 Integrar el an\u00e1lisis en todo el proceso de toma de decisiones.<br \/>\n\u2981\u00a0 Explorar libremente la informaci\u00f3n, mezclarla, interactuar con ella y compartirla con cualquier nivel de detalle.<br \/>\n\u2981\u00a0 Realizar an\u00e1lisis Inteligentes, m\u00e1s r\u00e1pidos y sencillos.<br \/>\n\u2981\u00a0 Mantener mayor visibilidad y mejor comprensi\u00f3n del negocio<br \/>\n\u2981\u00a0 Mejorar la capacidad de toma de decisiones<br \/>\n<strong>COMPETENCIAS:<br \/>\n<\/strong>Los alumnos obtendr\u00e1n las siguientes competencias:<br \/>\n\u2981\u00a0 Dominar nuevos conocimientos t\u00e9cnicos y comerciales.<br \/>\n\u2981\u00a0 Adaptar procedimientos que solucionen problemas.<br \/>\n\u2981\u00a0 Generar t\u00e9cnicas inform\u00e1ticas que se requieren para aumentar el rendimiento del negocio.<br \/>\n<strong>DIRIGIDO A:<\/strong><br \/>\nPersonas que administran informaci\u00f3n en diferentes \u00e1mbitos: Financiero, marketing, recursos humanos, ventas, entre otros.<br \/>\n<strong>CONTENIDO:<br \/>\n<\/strong><em>Unidad 1: Introducci\u00f3n de Business Analytics con Excel<br \/>\n<\/em>\u2981\u00a0 Descripci\u00f3n de herramientas para vincular tablas<br \/>\n\u2981\u00a0 Funciones de B\u00fasqueda<br \/>\n\u2981\u00a0 Filtros avanzados<br \/>\n\u2981\u00a0Validaciones de datos<br \/>\n\u2981\u00a0Formato condicional<br \/>\n<em>Unidad 2: Tablas y gr\u00e1ficos din\u00e1micos avanzados<br \/>\n<\/em>\u2981\u00a0 Introducci\u00f3n a los dashboards<br \/>\n\u2981\u00a0 Manejo de tablas din\u00e1micas en excel<br \/>\n\u2981\u00a0 Totalizaciones- configuraci\u00f3n de campo de valor<br \/>\n\u2981\u00a0 Creaci\u00f3n de campos calculados.<br \/>\n\u2981\u00a0 Manejo de gr\u00e1ficos din\u00e1micos \u2013 Dashboard<br \/>\n<em>Unidad 3: Herramientas para Analytics con excel<br \/>\n<\/em>\u2981\u00a0 Modelamiento de datos<br \/>\n\u2981\u00a0 Obteniendo informaci\u00f3n de bases de datos.<br \/>\n\u2981\u00a0 Manejo de Power Pivot<br \/>\n\u2981\u00a0 Funciones Dax en c\u00e1lculos para dashboards<br \/>\n\u2981\u00a0 Utilizando Power View<br \/>\n\u2981\u00a0 Utilizando Power Map<br \/>\n<em>Unidad 4: Gr\u00e1ficos para analytics en Excel<br \/>\n<\/em>\u2981\u00a0\u00a0 Creando gr\u00e1ficos interactivos<br \/>\n\u2981\u00a0 \u00a0Utilizando segmentaci\u00f3n de datos<br \/>\n\u2981\u00a0 Usando conexi\u00f3n entre gr\u00e1ficos y tablas en dashboards.<br \/>\n\u2981\u00a0 Analizando informaci\u00f3n en dashboards.<br \/>\n<strong>METODOLOG\u00cdA DE TRABAJO:<br \/>\n<\/strong>\u2981 100% On Line<br \/>\n\u2981\u00a0 Aprendizaje de forma s\u00edncrona con gu\u00eda de tutor.<br \/>\n\u2981 El formador interactuar\u00e1 en todo momento con los participantes, guiar\u00e1 diferentes din\u00e1micas y ejercicios para garantizar el aprendizaje de conocimientos.<br \/>\n<strong>EVALUACI\u00d3N:<br \/>\n<\/strong>\u2981\u00a0Participaci\u00f3n en sesiones de clase<br \/>\n<strong>INSTRUCTORA:<br \/>\n<\/strong>Ing. Vilma \u00c1lvarez Intriago, MAE, MATI<br \/>\nProfesional con amplia experiencia laboral. Ingeniera en Computaci\u00f3n (ESPOL), Mag\u00edster en Administraci\u00f3n de Empresas (ESPAE); Diplomado en Educaci\u00f3n Superior (UEES); Magister en Auditor\u00eda de Tecnolog\u00eda de Informaci\u00f3n (UEES).<\/p>\n","protected":false},"excerpt":{"rendered":"<p>\u2713 Funciones anidadas<br \/>\u2713 Funciones combinadas<br \/>\u2713 Manejo de filtros avanzados<br \/>\u2713 Macros<br \/>\u2713 Tablas y gr\u00e1ficos din\u00e1micos<br \/>\u2713 Dashboard con gr\u00e1ficos din\u00e1micos<\/p>\n","protected":false},"featured_media":5760,"comment_status":"open","ping_status":"closed","template":"","meta":{"om_disable_all_campaigns":false,"_monsterinsights_skip_tracking":false,"_monsterinsights_sitenote_active":false,"_monsterinsights_sitenote_note":"","_monsterinsights_sitenote_category":0},"product_cat":[28,29],"product_tag":[],"class_list":["post-118","product","type-product","status-publish","has-post-thumbnail","hentry","product_cat-cursos","product_cat-cursos-excel"],"aioseo_notices":[],"jetpack_sharing_enabled":true,"_links":{"self":[{"href":"https:\/\/businesstechnologyteam.com\/index.php\/wp-json\/wp\/v2\/product\/118"}],"collection":[{"href":"https:\/\/businesstechnologyteam.com\/index.php\/wp-json\/wp\/v2\/product"}],"about":[{"href":"https:\/\/businesstechnologyteam.com\/index.php\/wp-json\/wp\/v2\/types\/product"}],"replies":[{"embeddable":true,"href":"https:\/\/businesstechnologyteam.com\/index.php\/wp-json\/wp\/v2\/comments?post=118"}],"wp:featuredmedia":[{"embeddable":true,"href":"https:\/\/businesstechnologyteam.com\/index.php\/wp-json\/wp\/v2\/media\/5760"}],"wp:attachment":[{"href":"https:\/\/businesstechnologyteam.com\/index.php\/wp-json\/wp\/v2\/media?parent=118"}],"wp:term":[{"taxonomy":"product_cat","embeddable":true,"href":"https:\/\/businesstechnologyteam.com\/index.php\/wp-json\/wp\/v2\/product_cat?post=118"},{"taxonomy":"product_tag","embeddable":true,"href":"https:\/\/businesstechnologyteam.com\/index.php\/wp-json\/wp\/v2\/product_tag?post=118"}],"curies":[{"name":"wp","href":"https:\/\/api.w.org\/{rel}","templated":true}]}}