{"id":119,"date":"2023-09-18T19:23:43","date_gmt":"2023-09-18T23:23:43","guid":{"rendered":"https:\/\/businesstechnologyteam.com\/?post_type=product&#038;p=119"},"modified":"2024-07-04T13:16:18","modified_gmt":"2024-07-04T17:16:18","slug":"curso-power-bi-nivel-basico","status":"publish","type":"product","link":"https:\/\/businesstechnologyteam.com\/index.php\/product\/curso-power-bi-nivel-basico\/","title":{"rendered":"Nivel B\u00e1sico"},"content":{"rendered":"<p>Este curso Power Bi le permitir\u00e1 tener mayor visibilidad y mejor comprensi\u00f3n del negocio, utilizando grandes vol\u00famenes de datos por medio de la herramienta. La utilizaci\u00f3n de dashboard o tableros de informaci\u00f3n permite tomar decisiones oportunas basadas en patrones de comportamientos, tendencias y desviaciones, buscando mejorar el rendimiento del negocio.<\/p>\n<hr \/>\n<p><strong>FECHA:<br \/>\n<\/strong>A convenir<br \/>\n<strong>DURACI\u00d3N:<br \/>\n<\/strong>16 Horas<br \/>\n<strong>OBJETIVO:<br \/>\n<\/strong>Al finalizar el curso los participantes estar\u00e1n en capacidad de: Administrar la informaci\u00f3n del negocio, a fin de llegar r\u00e1pidamente al conocimiento \u00fatil con una plataforma f\u00e1cil, r\u00e1pida e inteligente.<br \/>\n\u2981\u00a0 Integrar el an\u00e1lisis en todo el proceso de toma de decisiones manejando opciones de la herramienta Power BI.<br \/>\n\u2981\u00a0 Explorar libremente la informaci\u00f3n, mezclarla, interactuar con ella y compartirla con cualquier nivel de detalle.<br \/>\n\u2981\u00a0 Realizar an\u00e1lisis Inteligentes, m\u00e1s r\u00e1pidos y sencillos.<br \/>\n\u2981\u00a0 Mantener mayor visibilidad y mejor comprensi\u00f3n del negocio.<br \/>\n\u2981\u00a0 Mejorar la capacidad de toma de decisiones.<br \/>\n<strong>COMPETENCIAS:<br \/>\n<\/strong>Los alumnos obtendr\u00e1n las siguientes competencias:<br \/>\n\u2981\u00a0 Dominar nuevos conocimientos t\u00e9cnicos y comerciales.<br \/>\n\u2981\u00a0 Adaptar procedimientos que solucionen problemas.<br \/>\n\u2981\u00a0 Generar t\u00e9cnicas inform\u00e1ticas que se requieren para aumentar el rendimiento del negocio.<br \/>\n\u2981\u00a0 Trabajar en equipo<br \/>\n<strong>DIRIGIDO A:<br \/>\n<\/strong>Personas que administran informaci\u00f3n en diferentes \u00e1mbitos: Financiero, marketing, recursos humanos, ventas, entre otros; que desean profundizar en las herramientas de Business Intelligence (BI) como es Power BI y tener la capacidad de dise\u00f1ar Dashboards a fin de facilitar la gesti\u00f3n y aumentar la productividad de los modelos de datos con que trabajan.<br \/>\n<strong>CONTENIDO:<br \/>\n<\/strong><em>Unidad 1: Introducci\u00f3n de Business Intelligence<br \/>\n<\/em>\u2981 Concepto e importancia de Business Intelligence<br \/>\n\u2981 Arquitectura de una soluci\u00f3n de Business Intelligence<br \/>\n\u2981 Inteligencia de negocios y su impacto.<br \/>\n\u2981 Conceptos: Datawarehouse, ETL, OLAP, entre otros.<br \/>\n<em>Unidad 2: Modelamiento de datos<br \/>\n<\/em>\u2981 Base de datos<br \/>\n\u2981 Modelo de base de datos<br \/>\n\u2981 Elemento de una base de datos<br \/>\n\u2981 Normalizaci\u00f3n<br \/>\n\u2981 Tablas de hechos, tablas de dimensiones<br \/>\n\u2981 Diagrama entidad \u2013 relaci\u00f3n<br \/>\n<em>Unidad 3: Introducci\u00f3n a Power BI<\/em><strong><br \/>\n<\/strong>\u2981\u00a0 Concepto de Power BI<br \/>\n\u2981\u00a0 Componentes y flujo de trabajo.<br \/>\n\u2981\u00a0 Entorno de Power BI: Lienzo, vistas, campos, formatos<br \/>\n\u2981\u00a0 Importar informaci\u00f3n de base de datos<br \/>\n<em>Unidad 4: Transformaci\u00f3n de datos<br \/>\n<\/em>\u2981\u00a0 Obtener informaci\u00f3n de la base de datos<br \/>\n\u2981\u00a0 Editor de consultas<br \/>\n\u2981\u00a0 Limpieza de los datos<br \/>\n\u2981\u00a0 Transformaci\u00f3n de los datos: agrupamiento, separaci\u00f3n, reemplazar datos, entre otras.<br \/>\n\u2981\u00a0 Asistente de Editor de consultas.<br \/>\n\u2981 Aplicaci\u00f3n de cambios.<br \/>\n<em>Unidad 5: Modelamiento de datos en Power BI<br \/>\n<\/em>\u2981\u00a0 Administraci\u00f3n de relaciones.<br \/>\n\u2981\u00a0 Detecci\u00f3n autom\u00e1tica.<br \/>\n\u2981\u00a0 Utilizaci\u00f3n de funci\u00f3n SUMX.<br \/>\n\u2981 Creaci\u00f3n de columnas calculadas utilizando operaciones matem\u00e1ticas.<br \/>\n\u2981 Creaci\u00f3n de columnas utilizando funciones de fechas.<br \/>\n\u2981 Creaci\u00f3n de campos calculados.<br \/>\n\u2981 Creaci\u00f3n de medidas.<br \/>\n<em>Unidad 6: Funciones DAXs<br \/>\n<\/em>\u2981\u00a0 Funci\u00f3n SUMX.<br \/>\n\u2981\u00a0 Funci\u00f3n CALCULATE.<br \/>\n\u2981\u00a0 Funci\u00f3n DIVIDE.<br \/>\n\u2981\u00a0 Funci\u00f3n CONCATENATE.<br \/>\n\u2981\u00a0 Funci\u00f3n RELATED.<br \/>\n\u2981\u00a0 Otras funciones.<br \/>\n<em>Unidad 7: An\u00e1lisis de datos a trav\u00e9s de gr\u00e1ficos o visualizaciones<br \/>\n<\/em>\u2981\u00a0 Manejo de KPIs y veloc\u00edmetro.<br \/>\n\u2981\u00a0 Manejo de visualizaciones de mapas.<br \/>\n\u2981\u00a0 Manejo de visualizaciones de tarjetas.<br \/>\n\u2981\u00a0 Manejo de visualizaciones de gr\u00e1ficos de anillo.<br \/>\n\u2981\u00a0 Manejo campos para crea la visualizaci\u00f3n.<br \/>\n\u2981\u00a0 Manejo de formatos para personalizar la visualizaci\u00f3n.<br \/>\n\u2981\u00a0 Manejo de filtros.<br \/>\n\u2981\u00a0 Cargar otras visualizaciones.<br \/>\n<strong>METODOLOG\u00cdA DE TRABAJO:<br \/>\n<\/strong>\u2981 100% On Line.<br \/>\n\u2981 Herramienta Zoom.<br \/>\n\u2981 Clases sincr\u00f3nicas con la instructora.<br \/>\n\u2981 Realizaci\u00f3n de ejercicios pr\u00e1cticos con la gu\u00eda de la instructora.<br \/>\n<strong>EVALUACI\u00d3N:<br \/>\n<\/strong>\u2981\u00a0Participaci\u00f3n en sesiones de clase<br \/>\n<strong>INSTRUCTORA:<br \/>\n<\/strong>Ing. Vilma \u00c1lvarez Intriago, MAE, MATI<br \/>\nProfesional con amplia experiencia laboral. Ingeniera en Computaci\u00f3n (ESPOL), Mag\u00edster en Administraci\u00f3n de Empresas (ESPAE); Diplomado en Educaci\u00f3n Superior (UEES); Magister en Auditor\u00eda de Tecnolog\u00eda de Informaci\u00f3n (UEES).<\/p>\n","protected":false},"excerpt":{"rendered":"<p>\u2713 Conceptos de Business Intelligence<br \/>\u2713 Modelamiento de datos-diagrama ER<br \/>\u2713 Manejo de Power Query<br \/>\u2713 Manejo de visualizaciones b\u00e1sicas<br \/>\u2713 Funciones DAXs b\u00e1sicas<\/p>\n","protected":false},"featured_media":5858,"comment_status":"open","ping_status":"closed","template":"","meta":{"om_disable_all_campaigns":false,"_monsterinsights_skip_tracking":false,"_monsterinsights_sitenote_active":false,"_monsterinsights_sitenote_note":"","_monsterinsights_sitenote_category":0},"product_cat":[28,30],"product_tag":[],"class_list":["post-119","product","type-product","status-publish","has-post-thumbnail","hentry","product_cat-cursos","product_cat-cursos-power-bi"],"aioseo_notices":[],"jetpack_sharing_enabled":true,"_links":{"self":[{"href":"https:\/\/businesstechnologyteam.com\/index.php\/wp-json\/wp\/v2\/product\/119"}],"collection":[{"href":"https:\/\/businesstechnologyteam.com\/index.php\/wp-json\/wp\/v2\/product"}],"about":[{"href":"https:\/\/businesstechnologyteam.com\/index.php\/wp-json\/wp\/v2\/types\/product"}],"replies":[{"embeddable":true,"href":"https:\/\/businesstechnologyteam.com\/index.php\/wp-json\/wp\/v2\/comments?post=119"}],"wp:featuredmedia":[{"embeddable":true,"href":"https:\/\/businesstechnologyteam.com\/index.php\/wp-json\/wp\/v2\/media\/5858"}],"wp:attachment":[{"href":"https:\/\/businesstechnologyteam.com\/index.php\/wp-json\/wp\/v2\/media?parent=119"}],"wp:term":[{"taxonomy":"product_cat","embeddable":true,"href":"https:\/\/businesstechnologyteam.com\/index.php\/wp-json\/wp\/v2\/product_cat?post=119"},{"taxonomy":"product_tag","embeddable":true,"href":"https:\/\/businesstechnologyteam.com\/index.php\/wp-json\/wp\/v2\/product_tag?post=119"}],"curies":[{"name":"wp","href":"https:\/\/api.w.org\/{rel}","templated":true}]}}