{"id":120,"date":"2023-09-18T19:26:21","date_gmt":"2023-09-18T23:26:21","guid":{"rendered":"https:\/\/businesstechnologyteam.com\/?post_type=product&#038;p=120"},"modified":"2024-07-04T13:16:18","modified_gmt":"2024-07-04T17:16:18","slug":"curso-power-bi-nivel-intermedio-avanzado","status":"publish","type":"product","link":"https:\/\/businesstechnologyteam.com\/index.php\/product\/curso-power-bi-nivel-intermedio-avanzado\/","title":{"rendered":"Nivel Intermedio Avanzado"},"content":{"rendered":"<p>Este Curso Power Bi le permitir\u00e1 tener mayor visibilidad y mejor comprensi\u00f3n del negocio, utilizando grandes vol\u00famenes de datos por medio de la herramienta. La utilizaci\u00f3n de dashboard o tableros de informaci\u00f3n permite tomar decisiones oportunas basadas en patrones de comportamientos, tendencias y desviaciones, buscando mejorar el rendimiento del negocio.<\/p>\n<hr \/>\n<p><strong>FECHA:<br \/>\n<\/strong>A convenir<br \/>\n<strong>DURACI\u00d3N:<br \/>\n<\/strong>16 Horas<br \/>\n<strong>OBJETIVO GENERAL:<br \/>\n<\/strong>Al finalizar el curso los participantes estar\u00e1n en capacidad de: Realizar an\u00e1lisis de informaci\u00f3n utilizando funciones avanzadas, as\u00ed como procedimientos en Power BI, a fin de tomar decisiones oportunas utilizando una plataforma f\u00e1cil, r\u00e1pida e inteligente.<br \/>\n<strong>OBJETIVOS ESPEC\u00cdFICOS:<br \/>\n<\/strong>\u2981\u00a0 Realizar an\u00e1lisis de informaci\u00f3n creando dashboard avanzados.<br \/>\n\u2981\u00a0 Integrar el an\u00e1lisis en todo el proceso de toma de decisiones manejando opciones avanzadas de la herramienta Power BI.<br \/>\n\u2981\u00a0 Explorar libremente la informaci\u00f3n, mezclarla, interactuar con ella y compartirla con cualquier nivel de detalle.<br \/>\n\u2981\u00a0 Mantener mayor visibilidad y mejor comprensi\u00f3n del negocio.<br \/>\n\u2981\u00a0 Mejorar la capacidad de toma de decisiones a un nivel avanzado.<br \/>\n<strong>COMPETENCIAS:<br \/>\n<\/strong>Los alumnos obtendr\u00e1n las siguientes competencias:<br \/>\n\u2981\u00a0 Dominar nuevos conocimientos t\u00e9cnicos y comerciales.<br \/>\n\u2981\u00a0 Adaptar procedimientos que solucionen problemas.<br \/>\n\u2981\u00a0 Generar t\u00e9cnicas inform\u00e1ticas que se requieren para aumentar el rendimiento del negocio.<br \/>\n\u2981\u00a0 Trabajar en equipo<br \/>\n<strong>DIRIGIDO A:<\/strong><br \/>\nPersonas que administran informaci\u00f3n en diferentes \u00e1mbitos: Financiero, marketing, recursos humanos, ventas, entre otros; que desean profundizar en las herramientas de Business Intelligence (BI) como es Power BI y tener la capacidad de dise\u00f1ar Dashboards a fin de facilitar la gesti\u00f3n y aumentar la productividad de los modelos de datos con que trabajan.<br \/>\n<strong>CONTENIDO:<br \/>\n<\/strong><em>Unidad 1: Introducci\u00f3n al nivel avanzado del manejo de Power BI<br \/>\n<\/em>\u2981\u00a0 Origen de datos del servicio de Power BI<br \/>\n\u2981\u00a0 Bases de Datos<br \/>\n\u2981\u00a0 Editar datos con Power Query<br \/>\n\u2981\u00a0 Creaci\u00f3n de columnas calculadas.<br \/>\n\u2981\u00a0 Creaci\u00f3n de campos calculados.<br \/>\n\u2981\u00a0 Creaci\u00f3n de medidas.<br \/>\n\u2981\u00a0 Relacionar datos en el diagrama entidad-relaci\u00f3n.<br \/>\n<em>Unidad 2: Manejo de Funciones DAXs<br \/>\n<\/em>\u2981\u00a0 Funci\u00f3n SelectedValue<br \/>\n\u2981\u00a0 Funci\u00f3n Swicth<br \/>\n\u2981\u00a0 Funci\u00f3n CalculateTable<br \/>\n\u2981\u00a0 Funci\u00f3n Earlier<br \/>\n\u2981\u00a0 Funci\u00f3n ALL<br \/>\n\u2981\u00a0 Otras funciones avanzadas<br \/>\n<em>Unidad 3: Cuadros de mando avanzados con manejo avanzado de Power BI<br \/>\n<\/em>\u2981\u00a0 Utilizaci\u00f3n de formato condicional utilizando funciones DAXs.<br \/>\n\u2981\u00a0 Medidas avanzadas utilizando matrices.<br \/>\n\u2981\u00a0 C\u00e1lculo de porcentaje basado en subtotales.<br \/>\n\u2981\u00a0 Manejo de ejes de manera din\u00e1mica.<br \/>\n\u2981\u00a0 Filtros din\u00e1micos basado en subtotales.<br \/>\n\u2981\u00a0 Manejo de veloc\u00edmetros con escala de riesgos.<br \/>\n\u2981\u00a0 An\u00e1lisis de dispersi\u00f3n.<br \/>\n<em>Unidad 4: Otras opciones en Power BI<br \/>\n<\/em>\u2981\u00a0 Analytics.<br \/>\n\u2981\u00a0 Editar Interacciones.<br \/>\n\u2981\u00a0 Ver datos.<br \/>\n\u2981\u00a0 Dise\u00f1o de tel\u00e9fono.<br \/>\n\u2981\u00a0 Publicaci\u00f3n y exportaci\u00f3n.<br \/>\n<strong>METODOLOG\u00cdA DE TRABAJO:<br \/>\n<\/strong>\u2981 100% On Line.<br \/>\n\u2981 Herramienta Zoom.<br \/>\n\u2981 Clases sincr\u00f3nicas con la instructora.<br \/>\n\u2981 Realizaci\u00f3n de ejercicios pr\u00e1cticos con la gu\u00eda de la instructora.<br \/>\n<strong>EVALUACI\u00d3N:<br \/>\n<\/strong>\u2981\u00a0Participaci\u00f3n en sesiones de clase<br \/>\n\u2981 Taller evaluativo<br \/>\n<strong>INSTRUCTORA:<br \/>\n<\/strong>Ing. Vilma \u00c1lvarez Intriago, MAE, MATI<br \/>\nProfesional con amplia experiencia laboral. Ingeniera en Computaci\u00f3n (ESPOL), Mag\u00edster en Administraci\u00f3n de Empresas (ESPAE); Diplomado en Educaci\u00f3n Superior (UEES); Magister en Auditor\u00eda de Tecnolog\u00eda de Informaci\u00f3n (UEES).<\/p>\n","protected":false},"excerpt":{"rendered":"<p>\u2713 Manejo de archivos PDF<br \/>\u2713 Funciones DAXs intermedias<br \/>\u2713 Formato condicional en visualizaciones<br \/>\u2713 Visualizaci\u00f3n con gr\u00e1ficos combinados<br \/>\u2713 Manejo de medidores<\/p>\n","protected":false},"featured_media":5858,"comment_status":"open","ping_status":"closed","template":"","meta":{"om_disable_all_campaigns":false,"_monsterinsights_skip_tracking":false,"_monsterinsights_sitenote_active":false,"_monsterinsights_sitenote_note":"","_monsterinsights_sitenote_category":0},"product_cat":[28,30],"product_tag":[],"class_list":["post-120","product","type-product","status-publish","has-post-thumbnail","hentry","product_cat-cursos","product_cat-cursos-power-bi"],"aioseo_notices":[],"jetpack_sharing_enabled":true,"_links":{"self":[{"href":"https:\/\/businesstechnologyteam.com\/index.php\/wp-json\/wp\/v2\/product\/120"}],"collection":[{"href":"https:\/\/businesstechnologyteam.com\/index.php\/wp-json\/wp\/v2\/product"}],"about":[{"href":"https:\/\/businesstechnologyteam.com\/index.php\/wp-json\/wp\/v2\/types\/product"}],"replies":[{"embeddable":true,"href":"https:\/\/businesstechnologyteam.com\/index.php\/wp-json\/wp\/v2\/comments?post=120"}],"wp:featuredmedia":[{"embeddable":true,"href":"https:\/\/businesstechnologyteam.com\/index.php\/wp-json\/wp\/v2\/media\/5858"}],"wp:attachment":[{"href":"https:\/\/businesstechnologyteam.com\/index.php\/wp-json\/wp\/v2\/media?parent=120"}],"wp:term":[{"taxonomy":"product_cat","embeddable":true,"href":"https:\/\/businesstechnologyteam.com\/index.php\/wp-json\/wp\/v2\/product_cat?post=120"},{"taxonomy":"product_tag","embeddable":true,"href":"https:\/\/businesstechnologyteam.com\/index.php\/wp-json\/wp\/v2\/product_tag?post=120"}],"curies":[{"name":"wp","href":"https:\/\/api.w.org\/{rel}","templated":true}]}}