{"id":121,"date":"2023-09-18T21:46:50","date_gmt":"2023-09-19T01:46:50","guid":{"rendered":"https:\/\/businesstechnologyteam.com\/?post_type=product&#038;p=121"},"modified":"2024-07-04T13:16:18","modified_gmt":"2024-07-04T17:16:18","slug":"curso-power-bi-indicadores-de-gestion","status":"publish","type":"product","link":"https:\/\/businesstechnologyteam.com\/index.php\/product\/curso-power-bi-indicadores-de-gestion\/","title":{"rendered":"Indicadores de Gesti\u00f3n-Power BI"},"content":{"rendered":"<p>Este Curso Power Bi le permitir\u00e1 tener mayor visibilidad y mejor comprensi\u00f3n del negocio, realizando dashboards de indicadores o KPIs, aplicados a distintas \u00e1reas del negocio. El manejo de estos tableros utilizando la herramienta de inteligencia de negocios la cual permite tomar decisiones oportunas basadas en patrones de comportamientos, tendencias y desviaciones, buscando mejorar el rendimiento del negocio.<\/p>\n<hr \/>\n<p><strong>FECHA:<br \/>\n<\/strong>A convenir<br \/>\n<strong>DURACI\u00d3N:<br \/>\n<\/strong>16 Horas<br \/>\n<strong>OBJETIVOS:<br \/>\n<\/strong>Al finalizar el curso los participantes estar\u00e1n en capacidad de:<br \/>\n\u2981\u00a0 Implementar un KPI en el modelo de datos.<br \/>\n\u2981\u00a0 Visualizar KPIs en informes y tableros de Power BI.<br \/>\n\u2981\u00a0 Crear dashboards o tableros de Indicadores o KPIs.<br \/>\n\u2981\u00a0 Realizar an\u00e1lisis Inteligentes, m\u00e1s r\u00e1pidos y sencillos.<br \/>\n\u2981\u00a0 Realizar an\u00e1lisis Inteligentes, m\u00e1s r\u00e1pidos y sencillos.<br \/>\n\u2981\u00a0 Mantener mayor visibilidad y mejor comprensi\u00f3n del negocio.<br \/>\n\u2981\u00a0 Mejorar la capacidad de toma de decisiones.<br \/>\n<strong>COMPETENCIAS:<br \/>\n<\/strong>Los alumnos obtendr\u00e1n las siguientes competencias:<br \/>\n\u2981\u00a0 Dominar nuevos conocimientos t\u00e9cnicos y comerciales.<br \/>\n\u2981\u00a0 Adaptar procedimientos que solucionen problemas.<br \/>\n\u2981\u00a0 Generar t\u00e9cnicas inform\u00e1ticas que se requieren para aumentar el rendimiento del negocio.<br \/>\n\u2981\u00a0 Trabajar en equipo<br \/>\n<strong>DIRIGIDO A:<\/strong><br \/>\nPersonas que administran informaci\u00f3n en diferentes \u00e1mbitos: Financiero, marketing, recursos humanos, ventas, entre otros; que desean profundizar en las herramientas de Business Intelligence (BI) como es Power BI y tener la capacidad de dise\u00f1ar Dashboards a fin de facilitar la gesti\u00f3n y aumentar la productividad de los modelos de datos con que trabajan.<br \/>\n<strong>CONTENIDO:<br \/>\n<\/strong><em>Unidad 1: Introducci\u00f3n a Indicadores o KPIs<br \/>\n<\/em>\u2981\u00a0 Concepto de un indicador o KPI.<br \/>\n\u2981\u00a0 Como implementar KPI en el modelo de datos.<br \/>\n\u2981\u00a0 Objetivo principal del KPI.<br \/>\n\u2981\u00a0 Como se define un KPI.<br \/>\n\u2981\u00a0 Principales indicadores o KPIs que se utilizan en los negocios.<br \/>\n\u2981\u00a0 Definiendo los valores de referencia.<br \/>\n<em>Unidad 2: Dashboard de Indicadores en Power BI<br \/>\n<\/em>\u2981\u00a0 Como se crea un KPI en el dashboard.<br \/>\n\u2981\u00a0 Visualizaci\u00f3n de Power BI \u2013 Gauge (Medidor).<br \/>\n\u2981\u00a0 Visualizaci\u00f3n de Power BI \u2013 KPI con tendencia.<br \/>\n\u2981\u00a0 Visualizaci\u00f3n de Power BI \u2013 KPI Indicador.<br \/>\n\u2981\u00a0 Qu\u00e9 deber\u00eda estar en un dashboard de indicadores.<br \/>\n\u2981\u00a0 Crear Dashboard de indicadores.<br \/>\n\u2981\u00a0 Aplicaci\u00f3n de Business Intelligence por medio de dashboard de KPIs.<br \/>\n<strong>METODOLOG\u00cdA DE TRABAJO:<br \/>\n<\/strong>\u2981 100% On Line.<br \/>\n\u2981 Aprendizaje de forma s\u00edncrona con gu\u00eda de tutor.<br \/>\n\u2981\u00a0 El formador interactuar\u00e1 en todo momento con los participantes, guiar\u00e1 diferentes din\u00e1micas y ejercicios para garantizar el aprendizaje de conocimientos.<br \/>\n<strong>EVALUACI\u00d3N:<br \/>\n<\/strong>\u2981 Participaci\u00f3n en sesiones de clase<br \/>\n<strong>INSTRUCTORA:<br \/>\n<\/strong>Ing. Vilma \u00c1lvarez Intriago, MAE, MATI<br \/>\nProfesional con amplia experiencia laboral. Ingeniera en Computaci\u00f3n (ESPOL), Mag\u00edster en Administraci\u00f3n de Empresas (ESPAE); Diplomado en Educaci\u00f3n Superior (UEES); Magister en Auditor\u00eda de Tecnolog\u00eda de Informaci\u00f3n (UEES).<\/p>\n","protected":false},"excerpt":{"rendered":"<p>\u2713 Manejo de base de datos SQL Server con Power BI<br \/>\u2713 Manejo de funciones DAXs avanzadas.<br \/>\u2713 Manejo de par\u00e1metros: TOP N<br \/>\u2713 Medidas avanzadas utilizando matrices<br \/>\u2713 Manejo de Power BI con inteligencia artificial<\/p>\n","protected":false},"featured_media":5858,"comment_status":"open","ping_status":"closed","template":"","meta":{"om_disable_all_campaigns":false,"_monsterinsights_skip_tracking":false,"_monsterinsights_sitenote_active":false,"_monsterinsights_sitenote_note":"","_monsterinsights_sitenote_category":0},"product_cat":[28,30],"product_tag":[],"class_list":["post-121","product","type-product","status-publish","has-post-thumbnail","hentry","product_cat-cursos","product_cat-cursos-power-bi"],"aioseo_notices":[],"jetpack_sharing_enabled":true,"_links":{"self":[{"href":"https:\/\/businesstechnologyteam.com\/index.php\/wp-json\/wp\/v2\/product\/121"}],"collection":[{"href":"https:\/\/businesstechnologyteam.com\/index.php\/wp-json\/wp\/v2\/product"}],"about":[{"href":"https:\/\/businesstechnologyteam.com\/index.php\/wp-json\/wp\/v2\/types\/product"}],"replies":[{"embeddable":true,"href":"https:\/\/businesstechnologyteam.com\/index.php\/wp-json\/wp\/v2\/comments?post=121"}],"wp:featuredmedia":[{"embeddable":true,"href":"https:\/\/businesstechnologyteam.com\/index.php\/wp-json\/wp\/v2\/media\/5858"}],"wp:attachment":[{"href":"https:\/\/businesstechnologyteam.com\/index.php\/wp-json\/wp\/v2\/media?parent=121"}],"wp:term":[{"taxonomy":"product_cat","embeddable":true,"href":"https:\/\/businesstechnologyteam.com\/index.php\/wp-json\/wp\/v2\/product_cat?post=121"},{"taxonomy":"product_tag","embeddable":true,"href":"https:\/\/businesstechnologyteam.com\/index.php\/wp-json\/wp\/v2\/product_tag?post=121"}],"curies":[{"name":"wp","href":"https:\/\/api.w.org\/{rel}","templated":true}]}}