{"id":122,"date":"2023-09-18T21:48:52","date_gmt":"2023-09-19T01:48:52","guid":{"rendered":"https:\/\/businesstechnologyteam.com\/?post_type=product&#038;p=122"},"modified":"2024-07-05T11:16:29","modified_gmt":"2024-07-05T15:16:29","slug":"curso-tableau-nivel-basico","status":"publish","type":"product","link":"https:\/\/businesstechnologyteam.com\/index.php\/product\/curso-tableau-nivel-basico\/","title":{"rendered":"Nivel B\u00e1sico"},"content":{"rendered":"<p>Este Curso Tableau le permitir\u00e1 tener mayor visibilidad y mejor comprensi\u00f3n del negocio, utilizando grandes vol\u00famenes de datos por Tableau que es l\u00edder del mercado de software de negocios (business intelligence) que lleva muchos a\u00f1os consecutivos en uno de los primeros puestos del cuadrante m\u00e1gico de Gartner, que permite crear aplicaciones con dashboard o tableros de informaci\u00f3n permite tomar decisiones oportunas basadas en patrones de comportamientos, tendencias y desviaciones, buscando mejorar el rendimiento del negocio.<\/p>\n<hr \/>\n<p><strong>FECHA:<br \/>\n<\/strong>A convenir<br \/>\n<strong>DURACI\u00d3N:<br \/>\n<\/strong>20 Horas<br \/>\n<strong>OBJETIVO GENERAL:<br \/>\n<\/strong>Administrar la informaci\u00f3n del negocio, a fin de llegar r\u00e1pidamente al conocimiento \u00fatil con una plataforma f\u00e1cil, r\u00e1pida e inteligente.<br \/>\n<strong>OBJETIVOS ESPEC\u00cdFICOS:<br \/>\n<\/strong>\u2981\u00a0 Integrar el an\u00e1lisis en todo el proceso de toma de decisiones manejando opciones avanzadas de la herramienta Tableau.<br \/>\n\u2981\u00a0 Explorar libremente la informaci\u00f3n, mezclarla, interactuar con ella y compartirla con cualquier nivel de detalle.<br \/>\n\u2981\u00a0 Realizar an\u00e1lisis Inteligentes, m\u00e1s r\u00e1pidos y sencillos.<br \/>\n\u2981\u00a0 Mantener mayor visibilidad y mejor comprensi\u00f3n del negocio.<br \/>\n\u2981\u00a0 Mejorar la capacidad de toma de decisiones.<br \/>\n<strong>COMPETENCIAS:<br \/>\n<\/strong>Los alumnos obtendr\u00e1n las siguientes competencias:<br \/>\n\u2981\u00a0 Dominar nuevos conocimientos t\u00e9cnicos y comerciales.<br \/>\n\u2981\u00a0 Adaptar procedimientos que solucionen problemas.<br \/>\n\u2981\u00a0 Generar t\u00e9cnicas inform\u00e1ticas que se requieren para aumentar el rendimiento del negocio.<br \/>\n\u2981\u00a0 Trabajar en equipo<br \/>\n<strong>DIRIGIDO A:<br \/>\n<\/strong>Personas que administran informaci\u00f3n en diferentes \u00e1mbitos: Financiero, marketing, recursos humanos, ventas, entre otros; que desean profundizar en las herramientas de Business Intelligence (BI) como es Tableau y tener la capacidad de dise\u00f1ar Dashboards a fin de facilitar la gesti\u00f3n y aumentar la productividad de los modelos de datos con que trabajan.<br \/>\n<strong>CONTENIDO:<br \/>\n<\/strong><em>Unidad 1: Introducci\u00f3n de Business Intelligence<br \/>\n<\/em>\u2981\u00a0 Concepto e importancia de Business Intelligence.<br \/>\n\u2981\u00a0 Arquitectura de una soluci\u00f3n de Business Intelligence.<br \/>\n\u2981\u00a0 Inteligencia de negocios y su impacto.<br \/>\n\u2981\u00a0 Conceptos: Datawarehouse, ETL, OLAP, entre otros.<br \/>\n<em>Unidad 2: Introducci\u00f3n a Tableau<br \/>\n<\/em>\u2981\u00a0 Concepto de Tableau.<br \/>\n\u2981\u00a0 Componentes y flujo de trabajo.<br \/>\n\u2981\u00a0 Entorno de: Lienzo, vistas, campos, formatos.<br \/>\n\u2981\u00a0 Importar informaci\u00f3n de base de datos.<br \/>\n<em>Unidad 3: Modelamiento de datos<br \/>\n<\/em>\u2981\u00a0 Base de datos.<br \/>\n\u2981\u00a0 Modelo de base de datos.<br \/>\n\u2981\u00a0 Elemento de una base de datos.<br \/>\n\u2981\u00a0 Normalizaci\u00f3n.<br \/>\n\u2981\u00a0 Tablas de hechos, tablas de dimensiones.<br \/>\n\u2981\u00a0 Diagrama entidad \u2013 relaci\u00f3n.<br \/>\n<em>Unidad 4: Transformaci\u00f3n de datos<br \/>\n<\/em>\u2981\u00a0 Obtener informaci\u00f3n de la base de datos.<br \/>\n\u2981\u00a0 Limpieza de los datos.<br \/>\n\u2981\u00a0 Transformaci\u00f3n de los datos.<br \/>\n\u2981\u00a0 Aplicaci\u00f3n de cambios.<br \/>\n<em>Unidad 5: Creaci\u00f3n de visualizaciones en Worksheets<br \/>\n<\/em>\u2981\u00a0 Manejo de visualizaci\u00f3n de columnas.<br \/>\n\u2981\u00a0 Manejo de visualizaci\u00f3n de matriz.<br \/>\n\u2981\u00a0 Manejo de visualizaci\u00f3n circular.<br \/>\n\u2981\u00a0 Manejo de visualizaciones geogr\u00e1ficas.<br \/>\n\u2981\u00a0 Entre otras visualizaciones.<br \/>\n<em>Unidad 6: Manejo de filtros y otras opciones<br \/>\n<\/em>\u2981\u00a0 Manejo de campos calculados.<br \/>\n\u2981\u00a0 Manejo de filtros.<br \/>\n\u2981\u00a0 Manejo de marcas.<br \/>\n\u2981\u00a0 Trabajo con grupos, set y par\u00e1metros.<br \/>\n\u2981\u00a0 Talleres.<br \/>\n<em>Unidad 7: Creaci\u00f3n de dashboard e historias<br \/>\n<\/em>\u2981\u00a0 Hacer filtros.<br \/>\n\u2981\u00a0 Creaci\u00f3n de Dashboard.<br \/>\n\u2981\u00a0 Creaci\u00f3n de Historias.<br \/>\n<strong>METODOLOG\u00cdA DE TRABAJO:<br \/>\n<\/strong>\u2981 100% On Line.<br \/>\n\u2981 Aprendizaje de forma s\u00edncrona con gu\u00eda de tutor.<br \/>\n\u2981 Los participantes deber\u00e1n, revisar las lecturas propuestas de pre y post sesi\u00f3n.<br \/>\n\u2981 El formador interactuar\u00e1 en todo momento con los participantes, guiar\u00e1 diferentes din\u00e1micas y ejercicios para garantizar el aprendizaje de conocimientos.<br \/>\n<strong>EVALUACI\u00d3N:<br \/>\n<\/strong>\u2981 Participaci\u00f3n en sesiones de clase<br \/>\n<strong>INSTRUCTORA:<br \/>\n<\/strong>Ing. Vilma \u00c1lvarez Intriago, MAE, MATI<br \/>\nProfesional con amplia experiencia laboral. Ingeniera en Computaci\u00f3n (ESPOL), Mag\u00edster en Administraci\u00f3n de Empresas (ESPAE); Diplomado en Educaci\u00f3n Superior (UEES); Magister en Auditor\u00eda de Tecnolog\u00eda de Informaci\u00f3n (UEES).<\/p>\n","protected":false},"excerpt":{"rendered":"<p>\u2713 Conceptos de Business Analytics &#8211; BigData y la nube<br \/>\u2713 Aspectos generales de tableau- licencias e instalaci\u00f3n<br \/>\u2713 Modelamiento de datos<br \/>\u2713 Visualizaciones b\u00e1sicas en Tableau<br \/>\u2713 Dashboards e historias<\/p>\n","protected":false},"featured_media":5821,"comment_status":"open","ping_status":"closed","template":"","meta":{"om_disable_all_campaigns":false,"_monsterinsights_skip_tracking":false,"_monsterinsights_sitenote_active":false,"_monsterinsights_sitenote_note":"","_monsterinsights_sitenote_category":0},"product_cat":[28,31],"product_tag":[],"class_list":["post-122","product","type-product","status-publish","has-post-thumbnail","hentry","product_cat-cursos","product_cat-cursos-tableau"],"aioseo_notices":[],"jetpack_sharing_enabled":true,"_links":{"self":[{"href":"https:\/\/businesstechnologyteam.com\/index.php\/wp-json\/wp\/v2\/product\/122"}],"collection":[{"href":"https:\/\/businesstechnologyteam.com\/index.php\/wp-json\/wp\/v2\/product"}],"about":[{"href":"https:\/\/businesstechnologyteam.com\/index.php\/wp-json\/wp\/v2\/types\/product"}],"replies":[{"embeddable":true,"href":"https:\/\/businesstechnologyteam.com\/index.php\/wp-json\/wp\/v2\/comments?post=122"}],"wp:featuredmedia":[{"embeddable":true,"href":"https:\/\/businesstechnologyteam.com\/index.php\/wp-json\/wp\/v2\/media\/5821"}],"wp:attachment":[{"href":"https:\/\/businesstechnologyteam.com\/index.php\/wp-json\/wp\/v2\/media?parent=122"}],"wp:term":[{"taxonomy":"product_cat","embeddable":true,"href":"https:\/\/businesstechnologyteam.com\/index.php\/wp-json\/wp\/v2\/product_cat?post=122"},{"taxonomy":"product_tag","embeddable":true,"href":"https:\/\/businesstechnologyteam.com\/index.php\/wp-json\/wp\/v2\/product_tag?post=122"}],"curies":[{"name":"wp","href":"https:\/\/api.w.org\/{rel}","templated":true}]}}