{"id":128,"date":"2023-09-18T21:57:06","date_gmt":"2023-09-19T01:57:06","guid":{"rendered":"https:\/\/businesstechnologyteam.com\/?post_type=product&#038;p=128"},"modified":"2024-07-05T11:16:29","modified_gmt":"2024-07-05T15:16:29","slug":"curso-microsoft-project-taller-practico","status":"publish","type":"product","link":"https:\/\/businesstechnologyteam.com\/index.php\/product\/curso-microsoft-project-taller-practico\/","title":{"rendered":"Gesti\u00f3n de Proyectos"},"content":{"rendered":"<p>En la actualidad, para las empresas y organizaciones es vital saber en todo momento cu\u00e1l es el estado de los proyectos emprendidos, sean personales u organizacionales. Por ello, la figura del curso Microsoft Project adquieren cada vez mayor relevancia a trav\u00e9s de conceptos b\u00e1sicos de gesti\u00f3n de proyectos y conocimientos espec\u00edficos sobre c\u00f3mo plasmar los mismos en un documento de Microsoft Project con el fin de controlar y efectuar seguimiento del cronograma.<\/p>\n<hr \/>\n<p><strong>FECHA:<br \/>\n<\/strong>A convenir<br \/>\n<strong>DURACI\u00d3N:<br \/>\n<\/strong>20 Horas<br \/>\n<strong>OBJETIVOS:<br \/>\n<\/strong>Al finalizar el curso, los participantes podr\u00e1n:<br \/>\n\u2981\u00a0 Aprender las funcionalidades b\u00e1sicas e intermedias de la herramienta Microsoft Project.<br \/>\n\u2981\u00a0 Elaborar un proyecto b\u00e1sico e intermedio con la herramienta.<br \/>\n\u2981\u00a0 Controlar el estado general del proyecto para la correcta evaluaci\u00f3n de resultados y toma de decisiones.<br \/>\n<strong>COMPETENCIAS:<br \/>\n<\/strong>\u2981\u00a0 Aprender el manejo de la herramienta Ms. Project nivel b\u00e1sico e intermedio.<br \/>\n\u2981\u00a0 Realizar una planificaci\u00f3n utilizando recursos humanos, financieros y materiales.<br \/>\n\u2981\u00a0 Controlar y supervisar un proyecto a trav\u00e9s de la herramienta Ms. Project.<br \/>\n\u2981\u00a0 Tomar decisiones oportunas apoy\u00e1ndose en una planificaci\u00f3n o cronograma.<br \/>\n<strong>DIRIGIDO A:<\/strong><br \/>\nGerentes de Proyectos, Consultores, Arquitectos, Ingenieros, Organizadores de Eventos, Responsables de Obras, Emprendedores, as\u00ed como cualquier otro interesado en administrar profesionalmente un proyecto mediante la utilizaci\u00f3n de la herramienta Microsoft Project.<br \/>\n<strong>CONTENIDO:<br \/>\n<\/strong><em>Unidad 1: La Administraci\u00f3n de Proyectos<br \/>\n<\/em>\u2981\u00a0 Definir un proyecto.<br \/>\n\u2981\u00a0 Crear un plan de proyecto.<br \/>\n\u2981\u00a0 Guardar, abrir y cerrar un proyecto.<br \/>\n\u2981\u00a0 El ambiente de trabajo de Microsoft Project.<br \/>\n<em>Unidad 2: Introducir y Organizar una Lista de Tareas<br \/>\n<\/em>\u2981\u00a0 Utilizaci\u00f3n de calendarios.<br \/>\n\u2981\u00a0 Crear y asignar un calendario a una tarea.<br \/>\n\u2981\u00a0 Dependencias y delimitaciones de tareas.<br \/>\n<em>Unidad 3: Estructurar las Tareas en un esquema l\u00f3gico<br \/>\n<\/em>\u2981\u00a0 C\u00f3digos de estructuras de descomposici\u00f3n del trabajo.<br \/>\n\u2981\u00a0 C\u00f3digos de esquema personalizados.<br \/>\n\u2981\u00a0 Proyectos y sub-proyectos.<br \/>\n<em>Unidad 4: Gesti\u00f3n y Programaci\u00f3n de Recursos<br \/>\n<\/em>\u2981\u00a0 Especificar las necesidades de recursos y establecer los per\u00edodos laborables.<br \/>\n\u2981\u00a0 Los nombres de los recursos.<br \/>\n\u2981\u00a0 Informaci\u00f3n para un recurso de trabajo.<br \/>\n\u2981\u00a0 Asignar un recurso.<br \/>\n\u2981\u00a0 Eliminar un recurso.<br \/>\n\u2981\u00a0 Las notas.<br \/>\n\u2981\u00a0 Per\u00edodos laborables, no laborables y vacaciones de los recursos.<br \/>\n\u2981\u00a0 Gesti\u00f3n de las cargas de trabajo de recursos.<br \/>\n\u2981\u00a0 Informaci\u00f3n para un recurso material.<br \/>\n<em>Unidad 5: Estimar los<\/em><em> Costos<br \/>\n<\/em>\u2981\u00a0 Tasas de pago y tarifas para recursos.<br \/>\n\u2981\u00a0 Costos fijos de tareas.<br \/>\n\u2981\u00a0 Costos de material.<br \/>\n\u2981\u00a0 Acumulaci\u00f3n de costos.<br \/>\n\u2981\u00a0 Asignaci\u00f3n de costos a las tareas y a los recursos.<br \/>\n\u2981\u00a0 Costo del proyecto completo.<br \/>\n\u2981\u00a0 Costo de tareas y recursos.<br \/>\n<em>Unidad 6: La Programaci\u00f3n y sus detalles<br \/>\n<\/em>\u2981\u00a0 El proyecto completo.<br \/>\n\u2981\u00a0 La escala temporal.<br \/>\n\u2981\u00a0 Fechas de comienzo y fin del proyecto.<br \/>\n\u2981\u00a0 Identificar el camino cr\u00edtico.<br \/>\n\u2981\u00a0 Cambiar a una vista diferente.<br \/>\n\u2981\u00a0 Ver campos diferentes en una vista.<br \/>\n\u2981\u00a0 Aplicaci\u00f3n de un filtro.<br \/>\n\u2981\u00a0 Ordenar informaci\u00f3n en una vista.<br \/>\n\u2981\u00a0 Agrupar informaci\u00f3n en una vista.<br \/>\n\u2981\u00a0 Personalizaci\u00f3n de tablas, vistas e informes.<br \/>\n<strong>METODOLOG\u00cdA DE TRABAJO:<br \/>\n<\/strong>\u2981 100% On Line.<br \/>\n\u2981 Aprendizaje de forma s\u00edncrona con gu\u00eda de tutor.<br \/>\n\u2981 Los participantes deber\u00e1n, revisar las lecturas propuestas de pre y post sesi\u00f3n.<br \/>\n\u2981 El formador interactuar\u00e1 en todo momento con los participantes, guiar\u00e1 diferentes din\u00e1micas y ejercicios para garantizar el aprendizaje de conocimientos.<br \/>\n<strong>EVALUACI\u00d3N:<br \/>\n<\/strong>\u2981\u00a0 Proyecto que ser\u00e1 entregado al final del curso.<br \/>\n\u2981\u00a0 Tareas enviadas.<br \/>\n\u2981\u00a0 Talleres que se realizar\u00e1n d\u00eda a d\u00eda.<br \/>\n\u2981\u00a0 Al final del curso se realizar\u00e1 un examen con todo lo aprendido.<br \/>\n<strong>INSTRUCTORA:<br \/>\n<\/strong>Ing. Vilma \u00c1lvarez Intriago, MAE, MATI<br \/>\nProfesional con amplia experiencia laboral. Ingeniera en Computaci\u00f3n (ESPOL), Mag\u00edster en Administraci\u00f3n de Empresas (ESPAE); Diplomado en Educaci\u00f3n Superior (UEES); Magister en Auditor\u00eda de Tecnolog\u00eda de Informaci\u00f3n (UEES).<\/p>\n","protected":false},"excerpt":{"rendered":"<p>\u2713 Revisi\u00f3n de Vistas y tablas<br \/>\u2713 Seguimiento de recursos<br \/>\u2713 Manejo de subproyectos<br \/>\u2713 Estructuras las tareas en un esquema l\u00f3gico<br \/>\u2713 Informe de proyectos<\/p>\n","protected":false},"featured_media":5761,"comment_status":"open","ping_status":"closed","template":"","meta":{"om_disable_all_campaigns":false,"_monsterinsights_skip_tracking":false,"_monsterinsights_sitenote_active":false,"_monsterinsights_sitenote_note":"","_monsterinsights_sitenote_category":0},"product_cat":[28,32],"product_tag":[],"class_list":["post-128","product","type-product","status-publish","has-post-thumbnail","hentry","product_cat-cursos","product_cat-cursos-microsoft-project"],"aioseo_notices":[],"jetpack_sharing_enabled":true,"_links":{"self":[{"href":"https:\/\/businesstechnologyteam.com\/index.php\/wp-json\/wp\/v2\/product\/128"}],"collection":[{"href":"https:\/\/businesstechnologyteam.com\/index.php\/wp-json\/wp\/v2\/product"}],"about":[{"href":"https:\/\/businesstechnologyteam.com\/index.php\/wp-json\/wp\/v2\/types\/product"}],"replies":[{"embeddable":true,"href":"https:\/\/businesstechnologyteam.com\/index.php\/wp-json\/wp\/v2\/comments?post=128"}],"wp:featuredmedia":[{"embeddable":true,"href":"https:\/\/businesstechnologyteam.com\/index.php\/wp-json\/wp\/v2\/media\/5761"}],"wp:attachment":[{"href":"https:\/\/businesstechnologyteam.com\/index.php\/wp-json\/wp\/v2\/media?parent=128"}],"wp:term":[{"taxonomy":"product_cat","embeddable":true,"href":"https:\/\/businesstechnologyteam.com\/index.php\/wp-json\/wp\/v2\/product_cat?post=128"},{"taxonomy":"product_tag","embeddable":true,"href":"https:\/\/businesstechnologyteam.com\/index.php\/wp-json\/wp\/v2\/product_tag?post=128"}],"curies":[{"name":"wp","href":"https:\/\/api.w.org\/{rel}","templated":true}]}}