{"id":207,"date":"2023-09-20T13:46:47","date_gmt":"2023-09-20T17:46:47","guid":{"rendered":"https:\/\/businesstechnologyteam.com\/?post_type=product&#038;p=207"},"modified":"2024-06-30T14:22:29","modified_gmt":"2024-06-30T18:22:29","slug":"asesoria-business-intelligence-con-tableau-y-power-bi","status":"publish","type":"product","link":"https:\/\/businesstechnologyteam.com\/index.php\/product\/asesoria-business-intelligence-con-tableau-y-power-bi\/","title":{"rendered":"Asesor\u00eda Business Intelligence con Tableau y Power BI"},"content":{"rendered":"<p>Con esta Asesor\u00eda Business Intelligence (BI) con Tableau y Power BI nos implicamos ayudar a las organizaciones a utilizar estas herramientas para optimizar la toma de decisiones basada en datos y mejorar la comprensi\u00f3n de su informaci\u00f3n empresarial. Esto es lo que ofrecemos:<\/p>\n<ul>\n<li>Evaluaci\u00f3n de necesidades: En primer lugar, comprendemos las necesidades y objetivos espec\u00edficos de las organizaciones de BI. Esto implica reunirse para identificar los datos que son importantes y las m\u00e9tricas clave que se deben seguir.<\/li>\n<li>Selecci\u00f3n de datos: Ayudamos a las organizaciones a identificar y seleccionar las fuentes de datos relevantes para su an\u00e1lisis. Esto puede implicar la integraci\u00f3n de datos de diferentes sistemas y fuentes.<\/li>\n<li>Modelado de datos: Dise\u00f1amos y desarrollamos modelos de datos que permitan el an\u00e1lisis efectivo. Esto puede incluir la creaci\u00f3n de bases de datos, la definici\u00f3n de relaciones entre tablas y la limpieza y transformaci\u00f3n de datos.<\/li>\n<li>Creaci\u00f3n de paneles y visualizaciones: Utilizamos Tableau y Power BI para crear paneles interactivos y visualizaciones de datos que ayuden a los usuarios a comprender la informaci\u00f3n de manera m\u00e1s efectiva. Esto puede incluir gr\u00e1ficos, cuadros de mando, mapas y otros elementos visuales.<\/li>\n<li>An\u00e1lisis de datos: Ayudamos a los usuarios a analizar datos para identificar tendencias, patrones y oportunidades. Esto puede implicar el uso de funciones anal\u00edticas y herramientas de miner\u00eda de datos.<\/li>\n<li>Automatizaci\u00f3n de informes: Configuramos la generaci\u00f3n autom\u00e1tica de informes y programar su entrega a los usuarios relevantes.<\/li>\n<li>Capacitaci\u00f3n y soporte: Capacitamos a los usuarios para que puedan utilizar Tableau y Power BI de manera efectiva. Proporcionamos un soporte continuo para resolver problemas y responder a preguntas.<\/li>\n<li>Optimizaci\u00f3n y escalabilidad: Continuamos mejorando y optimizando los paneles y la infraestructura de BI a medida que evolucionan las necesidades de las organizaciones. Esto puede incluir la adici\u00f3n de nuevas fuentes de datos o la expansi\u00f3n de las capacidades de BI.<\/li>\n<li>Seguridad de datos: Garantizamos que se implementen medidas adecuadas de seguridad de datos para proteger la informaci\u00f3n sensible y cumplir con las regulaciones de privacidad.<\/li>\n<li>Monitorizaci\u00f3n y rendimiento: Establecemos m\u00e9tricas para evaluar el rendimiento de los paneles y la adopci\u00f3n de BI en la organizaci\u00f3n, y realizar ajustes seg\u00fan sea necesario.<\/li>\n<\/ul>\n","protected":false},"excerpt":{"rendered":"<p>La Asesor\u00eda Business Intelligence (BI) con Tableau y Power BI nos implicamos ayudar a las organizaciones.<\/p>\n","protected":false},"featured_media":6232,"comment_status":"closed","ping_status":"closed","template":"","meta":{"om_disable_all_campaigns":false,"_monsterinsights_skip_tracking":false,"_monsterinsights_sitenote_active":false,"_monsterinsights_sitenote_note":"","_monsterinsights_sitenote_category":0},"product_cat":[33],"product_tag":[],"class_list":["post-207","product","type-product","status-publish","has-post-thumbnail","hentry","product_cat-asesorias"],"aioseo_notices":[],"jetpack_sharing_enabled":true,"_links":{"self":[{"href":"https:\/\/businesstechnologyteam.com\/index.php\/wp-json\/wp\/v2\/product\/207"}],"collection":[{"href":"https:\/\/businesstechnologyteam.com\/index.php\/wp-json\/wp\/v2\/product"}],"about":[{"href":"https:\/\/businesstechnologyteam.com\/index.php\/wp-json\/wp\/v2\/types\/product"}],"replies":[{"embeddable":true,"href":"https:\/\/businesstechnologyteam.com\/index.php\/wp-json\/wp\/v2\/comments?post=207"}],"wp:featuredmedia":[{"embeddable":true,"href":"https:\/\/businesstechnologyteam.com\/index.php\/wp-json\/wp\/v2\/media\/6232"}],"wp:attachment":[{"href":"https:\/\/businesstechnologyteam.com\/index.php\/wp-json\/wp\/v2\/media?parent=207"}],"wp:term":[{"taxonomy":"product_cat","embeddable":true,"href":"https:\/\/businesstechnologyteam.com\/index.php\/wp-json\/wp\/v2\/product_cat?post=207"},{"taxonomy":"product_tag","embeddable":true,"href":"https:\/\/businesstechnologyteam.com\/index.php\/wp-json\/wp\/v2\/product_tag?post=207"}],"curies":[{"name":"wp","href":"https:\/\/api.w.org\/{rel}","templated":true}]}}