{"id":211,"date":"2023-09-20T13:48:02","date_gmt":"2023-09-20T17:48:02","guid":{"rendered":"https:\/\/businesstechnologyteam.com\/?post_type=product&#038;p=211"},"modified":"2024-06-30T14:23:23","modified_gmt":"2024-06-30T18:23:23","slug":"asesoria-proyectos","status":"publish","type":"product","link":"https:\/\/businesstechnologyteam.com\/index.php\/product\/asesoria-proyectos\/","title":{"rendered":"Asesor\u00eda Proyectos"},"content":{"rendered":"<p>En esta Asesor\u00eda Proyectos proporcionamos orientaci\u00f3n y apoyo a individuos o equipos involucrados en la planificaci\u00f3n, ejecuci\u00f3n y control de proyectos. En la asesor\u00eda de gesti\u00f3n de proyectos abordamos una variedad de \u00e1reas y desaf\u00edos, y nuestro alcance puede variar seg\u00fan las necesidades espec\u00edficas de la organizaci\u00f3n o el proyecto. Esto es lo que podemos hacer en esta asesor\u00eda.<\/p>\n<ul>\n<li>Inicio del proyecto:\n<ul>\n<li>Definici\u00f3n de objetivos y alcance del proyecto.<\/li>\n<li>Identificaci\u00f3n de partes interesadas clave y sus necesidades.<\/li>\n<li>Desarrollo de un enfoque y estrategia general para el proyecto.<\/li>\n<\/ul>\n<\/li>\n<li>Planificaci\u00f3n del proyecto:\n<ul>\n<li>Creaci\u00f3n de un plan de proyecto detallado que incluye tareas, fechas de inicio y finalizaci\u00f3n, recursos necesarios y presupuesto.<\/li>\n<li>Establecimiento de hitos y entregables.<\/li>\n<li>Desarrollo de un cronograma y asignaci\u00f3n de recursos.<\/li>\n<li>Identificaci\u00f3n de riesgos y desarrollo de estrategias de mitigaci\u00f3n.<\/li>\n<li>Creaci\u00f3n de un plan de comunicaci\u00f3n y un plan de gesti\u00f3n de cambios.<\/li>\n<\/ul>\n<\/li>\n<li>Ejecuci\u00f3n y control del proyecto:\n<ul>\n<li>Supervisi\u00f3n y direcci\u00f3n de las actividades del proyecto.<\/li>\n<li>Seguimiento del progreso del proyecto en comparaci\u00f3n con el plan.<\/li>\n<li>Gesti\u00f3n de cambios y resoluci\u00f3n de problemas.<\/li>\n<li>Comunicaci\u00f3n con las partes interesadas y el equipo del proyecto.<\/li>\n<li>Gesti\u00f3n de recursos y asignaci\u00f3n de tareas.<\/li>\n<li>Garant\u00eda de que el proyecto se mantenga dentro del presupuesto y el plazo previstos.<\/li>\n<\/ul>\n<\/li>\n<li>Cierre del proyecto:\n<ul>\n<li>Entrega de los entregables del proyecto.<\/li>\n<li>Evaluaci\u00f3n de los resultados y el rendimiento del proyecto.<\/li>\n<li>Documentaci\u00f3n de lecciones aprendidas.<\/li>\n<li>Cierre de contratos y liberaci\u00f3n de recursos.<\/li>\n<li>Celebraci\u00f3n de una revisi\u00f3n y evaluaci\u00f3n final del proyecto.<\/li>\n<\/ul>\n<\/li>\n<li>Desarrollo de habilidades y capacitaci\u00f3n:\n<ul>\n<li>Proporcionar capacitaci\u00f3n a los miembros del equipo en metodolog\u00edas de gesti\u00f3n de proyectos, herramientas y t\u00e9cnicas.<\/li>\n<li>Desarrollar habilidades de liderazgo, comunicaci\u00f3n y toma de decisiones en el equipo del proyecto.<\/li>\n<\/ul>\n<\/li>\n<li>Mejora continua:\n<ul>\n<li>Identificar oportunidades de mejora en los procesos de gesti\u00f3n de proyectos.<\/li>\n<li>Ayudar a la organizaci\u00f3n a implementar mejores pr\u00e1cticas y metodolog\u00edas de gesti\u00f3n de proyectos m\u00e1s efectivas.<\/li>\n<\/ul>\n<\/li>\n<li>Selecci\u00f3n de herramientas y software:\n<ul>\n<li>Asesorar sobre la elecci\u00f3n de herramientas de gesti\u00f3n de proyectos y software que sean adecuados para las necesidades de la organizaci\u00f3n.<\/li>\n<\/ul>\n<\/li>\n<li>Gesti\u00f3n de riesgos:\n<ul>\n<li>Identificar y evaluar riesgos potenciales en el proyecto.<\/li>\n<li>Desarrollar estrategias de mitigaci\u00f3n de riesgos.<\/li>\n<\/ul>\n<\/li>\n<li>Resoluci\u00f3n de conflictos:\n<ul>\n<li>Ayudar a resolver conflictos dentro del equipo del proyecto o entre las partes interesadas.<\/li>\n<\/ul>\n<\/li>\n<li>Evaluaci\u00f3n de proyectos:<\/li>\n<li>Realizar una revisi\u00f3n y evaluaci\u00f3n de proyectos concluidos para identificar \u00e1reas de mejora y buenas pr\u00e1cticas.<\/li>\n<\/ul>\n","protected":false},"excerpt":{"rendered":"<p>En esta Asesor\u00eda Proyectos proporcionamos apoyo a individuos o equipos involucrados en la planificaci\u00f3n y ejecuci\u00f3n de proyectos.<\/p>\n","protected":false},"featured_media":6234,"comment_status":"closed","ping_status":"closed","template":"","meta":{"om_disable_all_campaigns":false,"_monsterinsights_skip_tracking":false,"_monsterinsights_sitenote_active":false,"_monsterinsights_sitenote_note":"","_monsterinsights_sitenote_category":0},"product_cat":[33],"product_tag":[],"class_list":["post-211","product","type-product","status-publish","has-post-thumbnail","hentry","product_cat-asesorias"],"aioseo_notices":[],"jetpack_sharing_enabled":true,"_links":{"self":[{"href":"https:\/\/businesstechnologyteam.com\/index.php\/wp-json\/wp\/v2\/product\/211"}],"collection":[{"href":"https:\/\/businesstechnologyteam.com\/index.php\/wp-json\/wp\/v2\/product"}],"about":[{"href":"https:\/\/businesstechnologyteam.com\/index.php\/wp-json\/wp\/v2\/types\/product"}],"replies":[{"embeddable":true,"href":"https:\/\/businesstechnologyteam.com\/index.php\/wp-json\/wp\/v2\/comments?post=211"}],"wp:featuredmedia":[{"embeddable":true,"href":"https:\/\/businesstechnologyteam.com\/index.php\/wp-json\/wp\/v2\/media\/6234"}],"wp:attachment":[{"href":"https:\/\/businesstechnologyteam.com\/index.php\/wp-json\/wp\/v2\/media?parent=211"}],"wp:term":[{"taxonomy":"product_cat","embeddable":true,"href":"https:\/\/businesstechnologyteam.com\/index.php\/wp-json\/wp\/v2\/product_cat?post=211"},{"taxonomy":"product_tag","embeddable":true,"href":"https:\/\/businesstechnologyteam.com\/index.php\/wp-json\/wp\/v2\/product_tag?post=211"}],"curies":[{"name":"wp","href":"https:\/\/api.w.org\/{rel}","templated":true}]}}