{"id":5932,"date":"2023-10-10T20:10:40","date_gmt":"2023-10-11T00:10:40","guid":{"rendered":"https:\/\/businesstechnologyteam.com\/?post_type=product&#038;p=5932"},"modified":"2024-06-30T12:34:44","modified_gmt":"2024-06-30T16:34:44","slug":"puesta-en-produccion-y-seguimiento","status":"publish","type":"product","link":"https:\/\/businesstechnologyteam.com\/index.php\/product\/puesta-en-produccion-y-seguimiento\/","title":{"rendered":"Producci\u00f3n y seguimiento"},"content":{"rendered":"<div class=\"flex-1 overflow-hidden\">\n<div class=\"react-scroll-to-bottom--css-ohnej-79elbk h-full dark:bg-gray-800\">\n<div class=\"react-scroll-to-bottom--css-ohnej-1n7m0yu\">\n<div class=\"flex flex-col text-sm dark:bg-gray-800\">\n<div class=\"group final-completion w-full text-token-text-primary border-b border-black\/10 gizmo:border-0 dark:border-gray-900\/50 gizmo:dark:border-0 bg-gray-50 gizmo:bg-transparent dark:bg-[#444654] gizmo:dark:bg-transparent\" data-testid=\"conversation-turn-17\">\n<div class=\"p-4 justify-center text-base md:gap-6 md:py-6 m-auto\">\n<div class=\"flex flex-1 gap-4 text-base mx-auto md:gap-6 gizmo:gap-3 gizmo:md:px-5 gizmo:lg:px-1 gizmo:xl:px-5 md:max-w-2xl lg:max-w-[38rem] gizmo:md:max-w-3xl gizmo:lg:max-w-[40rem] gizmo:xl:max-w-[48rem] xl:max-w-3xl }\">\n<div class=\"relative flex w-[calc(100%-50px)] flex-col gizmo:w-full lg:w-[calc(100%-115px)] agent-turn\">\n<div class=\"flex-col gap-1 md:gap-3\">\n<div class=\"flex flex-grow flex-col gap-3 max-w-full\">\n<div class=\"min-h-[20px] flex flex-col items-start gap-3 whitespace-pre-wrap break-words overflow-x-auto\">\n<div class=\"markdown prose w-full break-words dark:prose-invert dark\">\n<p>Producci\u00f3n y seguimiento con ERP, se lleva a cabo la etapa final de implementaci\u00f3n del sistema ERP y se inicia la fase de seguimiento y monitoreo para asegurar que el sistema est\u00e9 funcionando de manera efectiva. Aqu\u00ed se detallan las actividades clave en esta etapa:<\/p>\n<ul>\n<li><strong>Puesta en producci\u00f3n:<\/strong>\n<ul>\n<li>Se realiza la transici\u00f3n del sistema ERP desde el entorno de pruebas o desarrollo al entorno de producci\u00f3n. Esto puede implicar la migraci\u00f3n de datos, la activaci\u00f3n de usuarios y la configuraci\u00f3n final del sistema.<\/li>\n<\/ul>\n<\/li>\n<li><strong>Plan de contingencia:<\/strong>\n<ul>\n<li>Se establece un plan de contingencia para abordar posibles problemas o interrupciones durante el proceso de puesta en producci\u00f3n.<\/li>\n<\/ul>\n<\/li>\n<li><strong>Validaci\u00f3n y pruebas finales:<\/strong>\n<ul>\n<li>Se realizan pruebas finales en el entorno de producci\u00f3n para garantizar que el sistema funcione correctamente y cumpla con los requisitos.<\/li>\n<\/ul>\n<\/li>\n<li><strong>Capacitaci\u00f3n adicional:<\/strong>\n<ul>\n<li>Se proporciona capacitaci\u00f3n adicional a los usuarios finales en el entorno de producci\u00f3n para asegurar que est\u00e9n familiarizados con el sistema en uso real.<\/li>\n<\/ul>\n<\/li>\n<li><strong>Soporte de lanzamiento:<\/strong>\n<ul>\n<li>Se proporciona soporte adicional durante el lanzamiento para ayudar a los usuarios a superar cualquier problema inicial y garantizar una transici\u00f3n sin problemas.<\/li>\n<\/ul>\n<\/li>\n<li><strong>Monitoreo y seguimiento:<\/strong>\n<ul>\n<li>Se establece un sistema de monitoreo para supervisar el rendimiento del sistema en tiempo real. Esto puede incluir el monitoreo de la velocidad, la disponibilidad y la integridad de los datos.<\/li>\n<\/ul>\n<\/li>\n<li><strong>Resoluci\u00f3n de problemas:<\/strong>\n<ul>\n<li>Se identifican y se resuelven los problemas que surgen durante la puesta en producci\u00f3n. Se establece un proceso para reportar y abordar problemas de manera efectiva.<\/li>\n<\/ul>\n<\/li>\n<li><strong>Optimizaci\u00f3n:<\/strong>\n<ul>\n<li>Se buscan oportunidades para optimizar el rendimiento del sistema y los procesos relacionados. Esto puede implicar ajustes en la configuraci\u00f3n del ERP o cambios en los flujos de trabajo.<\/li>\n<\/ul>\n<\/li>\n<li><strong>Auditor\u00eda y revisi\u00f3n:<\/strong>\n<ul>\n<li>Se realizan auditor\u00edas peri\u00f3dicas para garantizar el cumplimiento de regulaciones y pol\u00edticas internas, as\u00ed como para evaluar la eficacia general del sistema ERP.<\/li>\n<\/ul>\n<\/li>\n<li><strong>Documentaci\u00f3n:<\/strong>\n<ul>\n<li>Se mantiene una documentaci\u00f3n actualizada que incluye procedimientos operativos est\u00e1ndar, manuales de usuario y registros de auditor\u00eda.<\/li>\n<\/ul>\n<\/li>\n<li><strong>Gesti\u00f3n de cambios continuos:<\/strong>\n<ul>\n<li>Se establece un proceso de gesti\u00f3n de cambios continuos para abordar las necesidades cambiantes de la organizaci\u00f3n y realizar ajustes en el sistema ERP seg\u00fan sea necesario.<\/li>\n<\/ul>\n<\/li>\n<li><strong>Formaci\u00f3n y desarrollo del personal:<\/strong>\n<ul>\n<li>Se brinda capacitaci\u00f3n y desarrollo continuo al personal para asegurarse de que est\u00e9n al tanto de las actualizaciones del sistema y puedan aprovechar al m\u00e1ximo las capacidades del ERP.<\/li>\n<\/ul>\n<\/li>\n<li><strong>Evaluaci\u00f3n de resultados:<\/strong>\n<ul>\n<li>Se eval\u00faan los resultados y el impacto del sistema ERP en la organizaci\u00f3n, y se comparan con los objetivos iniciales del proyecto.<\/li>\n<\/ul>\n<\/li>\n<\/ul>\n<p>La puesta en producci\u00f3n y el seguimiento son fases cr\u00edticas en un proyecto de ERP, ya que marcan el comienzo de la utilizaci\u00f3n del sistema en el entorno real de la organizaci\u00f3n. La atenci\u00f3n continua a la monitorizaci\u00f3n, el soporte y la optimizaci\u00f3n es esencial para garantizar que el ERP siga siendo una herramienta eficaz a lo largo del tiempo.<\/p>\n<\/div>\n<\/div>\n<\/div>\n<\/div>\n<\/div>\n<\/div>\n<\/div>\n<\/div>\n<\/div>\n<\/div>\n<\/div>\n<\/div>\n","protected":false},"excerpt":{"rendered":"<p>En un proyecto de ERP con puesta en producci\u00f3n y seguimiento, se lleva a cabo la etapa final de implementaci\u00f3n del sistema ERP.<\/p>\n","protected":false},"featured_media":5980,"comment_status":"closed","ping_status":"closed","template":"","meta":{"om_disable_all_campaigns":false,"_monsterinsights_skip_tracking":false,"_monsterinsights_sitenote_active":false,"_monsterinsights_sitenote_note":"","_monsterinsights_sitenote_category":0},"product_cat":[15],"product_tag":[],"class_list":["post-5932","product","type-product","status-publish","has-post-thumbnail","hentry","product_cat-uncategorized"],"aioseo_notices":[],"jetpack_sharing_enabled":true,"_links":{"self":[{"href":"https:\/\/businesstechnologyteam.com\/index.php\/wp-json\/wp\/v2\/product\/5932"}],"collection":[{"href":"https:\/\/businesstechnologyteam.com\/index.php\/wp-json\/wp\/v2\/product"}],"about":[{"href":"https:\/\/businesstechnologyteam.com\/index.php\/wp-json\/wp\/v2\/types\/product"}],"replies":[{"embeddable":true,"href":"https:\/\/businesstechnologyteam.com\/index.php\/wp-json\/wp\/v2\/comments?post=5932"}],"wp:featuredmedia":[{"embeddable":true,"href":"https:\/\/businesstechnologyteam.com\/index.php\/wp-json\/wp\/v2\/media\/5980"}],"wp:attachment":[{"href":"https:\/\/businesstechnologyteam.com\/index.php\/wp-json\/wp\/v2\/media?parent=5932"}],"wp:term":[{"taxonomy":"product_cat","embeddable":true,"href":"https:\/\/businesstechnologyteam.com\/index.php\/wp-json\/wp\/v2\/product_cat?post=5932"},{"taxonomy":"product_tag","embeddable":true,"href":"https:\/\/businesstechnologyteam.com\/index.php\/wp-json\/wp\/v2\/product_tag?post=5932"}],"curies":[{"name":"wp","href":"https:\/\/api.w.org\/{rel}","templated":true}]}}