{"id":5933,"date":"2023-10-10T20:11:20","date_gmt":"2023-10-11T00:11:20","guid":{"rendered":"https:\/\/businesstechnologyteam.com\/?post_type=product&#038;p=5933"},"modified":"2024-06-30T12:35:18","modified_gmt":"2024-06-30T16:35:18","slug":"retroalimentacion-de-nuevas-opciones-y-reportes","status":"publish","type":"product","link":"https:\/\/businesstechnologyteam.com\/index.php\/product\/retroalimentacion-de-nuevas-opciones-y-reportes\/","title":{"rendered":"Retroalimentaci\u00f3n de nuevas opciones y\u00a0reportes"},"content":{"rendered":"<div class=\"flex-1 overflow-hidden\">\n<div class=\"react-scroll-to-bottom--css-ohnej-79elbk h-full dark:bg-gray-800\">\n<div class=\"react-scroll-to-bottom--css-ohnej-1n7m0yu\">\n<div class=\"flex flex-col text-sm dark:bg-gray-800\">\n<div class=\"group final-completion w-full text-token-text-primary border-b border-black\/10 gizmo:border-0 dark:border-gray-900\/50 gizmo:dark:border-0 bg-gray-50 gizmo:bg-transparent dark:bg-[#444654] gizmo:dark:bg-transparent\" data-testid=\"conversation-turn-19\">\n<div class=\"p-4 justify-center text-base md:gap-6 md:py-6 m-auto\">\n<div class=\"flex flex-1 gap-4 text-base mx-auto md:gap-6 gizmo:gap-3 gizmo:md:px-5 gizmo:lg:px-1 gizmo:xl:px-5 md:max-w-2xl lg:max-w-[38rem] gizmo:md:max-w-3xl gizmo:lg:max-w-[40rem] gizmo:xl:max-w-[48rem] xl:max-w-3xl }\">\n<div class=\"relative flex w-[calc(100%-50px)] flex-col gizmo:w-full lg:w-[calc(100%-115px)] agent-turn\">\n<div class=\"flex-col gap-1 md:gap-3\">\n<div class=\"flex flex-grow flex-col gap-3 max-w-full\">\n<div class=\"min-h-[20px] flex flex-col items-start gap-3 whitespace-pre-wrap break-words overflow-x-auto\">\n<div class=\"markdown prose w-full break-words dark:prose-invert dark\">\n<p>Un proyecto de ERP con retroalimentaci\u00f3n de nuevas opciones y reportes implica la capacidad de adaptar y mejorar continuamente el sistema ERP en funci\u00f3n de las necesidades cambiantes de la organizaci\u00f3n. Aqu\u00ed se describen las actividades clave en esta etapa del proyecto:<\/p>\n<ul>\n<li><strong>Recopilaci\u00f3n de retroalimentaci\u00f3n:<\/strong>\n<ul>\n<li>Establecer un proceso para recopilar retroalimentaci\u00f3n de los usuarios finales y partes interesadas sobre la usabilidad del sistema y las \u00e1reas que requieren mejoras.<\/li>\n<\/ul>\n<\/li>\n<li><strong>Evaluaci\u00f3n de necesidades:<\/strong>\n<ul>\n<li>Analizar la retroalimentaci\u00f3n recibida para identificar tendencias, patrones y las \u00e1reas m\u00e1s cr\u00edticas que requieren atenci\u00f3n.<\/li>\n<\/ul>\n<\/li>\n<li><strong>Priorizaci\u00f3n de mejoras:<\/strong>\n<ul>\n<li>Priorizar las solicitudes de mejoras y nuevas opciones en funci\u00f3n de su impacto en los procesos de la organizaci\u00f3n y el valor que aportar\u00e1n.<\/li>\n<\/ul>\n<\/li>\n<li><strong>Dise\u00f1o de nuevas opciones:<\/strong>\n<ul>\n<li>Crear dise\u00f1os y especificaciones detalladas para las nuevas opciones y funcionalidades que se agregar\u00e1n al ERP.<\/li>\n<\/ul>\n<\/li>\n<li><strong>Desarrollo de mejoras:<\/strong>\n<ul>\n<li>Desarrollar las nuevas opciones y funcionalidades, lo que puede implicar programaci\u00f3n personalizada, configuraci\u00f3n del sistema y pruebas exhaustivas.<\/li>\n<\/ul>\n<\/li>\n<li><strong>Pruebas y validaci\u00f3n:<\/strong>\n<ul>\n<li>Realizar pruebas de las mejoras para garantizar que funcionen correctamente y cumplan con los requisitos.<\/li>\n<\/ul>\n<\/li>\n<li><strong>Documentaci\u00f3n y capacitaci\u00f3n:<\/strong>\n<ul>\n<li>Actualizar la documentaci\u00f3n del sistema, como manuales de usuario y procedimientos operativos est\u00e1ndar, y proporcionar capacitaci\u00f3n a los usuarios sobre las nuevas opciones y funcionalidades.<\/li>\n<\/ul>\n<\/li>\n<li><strong>Implementaci\u00f3n de mejoras:<\/strong>\n<ul>\n<li>Implementar las mejoras en el entorno de producci\u00f3n del sistema ERP, asegur\u00e1ndose de que est\u00e9n disponibles para su uso.<\/li>\n<\/ul>\n<\/li>\n<li><strong>Comunicaci\u00f3n interna:<\/strong>\n<ul>\n<li>Comunicar a los usuarios finales sobre las nuevas opciones y funcionalidades, y brindarles orientaci\u00f3n sobre c\u00f3mo aprovecharlas.<\/li>\n<\/ul>\n<\/li>\n<li><strong>Monitoreo y retroalimentaci\u00f3n continua:<\/strong>\n<ul>\n<li>Establecer un proceso de monitoreo continuo para evaluar la efectividad de las mejoras y recopilar retroalimentaci\u00f3n adicional de los usuarios.<\/li>\n<\/ul>\n<\/li>\n<li><strong>Ajustes y refinamientos:<\/strong>\n<ul>\n<li>Realizar ajustes y refinamientos en funci\u00f3n de la retroalimentaci\u00f3n y los resultados obtenidos. Esto puede implicar ciclos de desarrollo iterativos para optimizar las nuevas opciones.<\/li>\n<\/ul>\n<\/li>\n<li><strong>Gesti\u00f3n de cambios:<\/strong>\n<ul>\n<li>Gestionar los cambios organizacionales que puedan surgir como resultado de las nuevas opciones y funcionalidades.<\/li>\n<\/ul>\n<\/li>\n<li><strong>Evaluaci\u00f3n de resultados:<\/strong>\n<ul>\n<li>Evaluar los resultados de las mejoras en t\u00e9rminos de eficiencia, eficacia y alineaci\u00f3n con los objetivos empresariales.<\/li>\n<\/ul>\n<\/li>\n<\/ul>\n<p>La retroalimentaci\u00f3n constante y la capacidad de agregar nuevas opciones y reportes son esenciales para que el sistema ERP se mantenga relevante y efectivo a lo largo del tiempo. Este proceso de mejora continua permite a la organizaci\u00f3n adaptarse a las cambiantes necesidades del negocio y aprovechar al m\u00e1ximo la inversi\u00f3n en el ERP.<\/p>\n<\/div>\n<\/div>\n<\/div>\n<\/div>\n<\/div>\n<\/div>\n<\/div>\n<\/div>\n<\/div>\n<\/div>\n<\/div>\n<\/div>\n","protected":false},"excerpt":{"rendered":"<p>Un proyecto de ERP con retroalimentaci\u00f3n de nuevas opciones y reportes implica la capacidad de adaptar y mejorar continuamente el sistema ERP en funci\u00f3n de las necesidades cambiantes de la organizaci\u00f3n. Aqu\u00ed se describen las actividades clave en esta etapa del proyecto: Recopilaci\u00f3n de retroalimentaci\u00f3n: Establecer un proceso para recopilar retroalimentaci\u00f3n de los usuarios finales [&hellip;]<\/p>\n","protected":false},"featured_media":5980,"comment_status":"closed","ping_status":"closed","template":"","meta":{"om_disable_all_campaigns":false,"_monsterinsights_skip_tracking":false,"_monsterinsights_sitenote_active":false,"_monsterinsights_sitenote_note":"","_monsterinsights_sitenote_category":0},"product_cat":[15],"product_tag":[],"class_list":["post-5933","product","type-product","status-publish","has-post-thumbnail","hentry","product_cat-uncategorized"],"aioseo_notices":[],"jetpack_sharing_enabled":true,"_links":{"self":[{"href":"https:\/\/businesstechnologyteam.com\/index.php\/wp-json\/wp\/v2\/product\/5933"}],"collection":[{"href":"https:\/\/businesstechnologyteam.com\/index.php\/wp-json\/wp\/v2\/product"}],"about":[{"href":"https:\/\/businesstechnologyteam.com\/index.php\/wp-json\/wp\/v2\/types\/product"}],"replies":[{"embeddable":true,"href":"https:\/\/businesstechnologyteam.com\/index.php\/wp-json\/wp\/v2\/comments?post=5933"}],"wp:featuredmedia":[{"embeddable":true,"href":"https:\/\/businesstechnologyteam.com\/index.php\/wp-json\/wp\/v2\/media\/5980"}],"wp:attachment":[{"href":"https:\/\/businesstechnologyteam.com\/index.php\/wp-json\/wp\/v2\/media?parent=5933"}],"wp:term":[{"taxonomy":"product_cat","embeddable":true,"href":"https:\/\/businesstechnologyteam.com\/index.php\/wp-json\/wp\/v2\/product_cat?post=5933"},{"taxonomy":"product_tag","embeddable":true,"href":"https:\/\/businesstechnologyteam.com\/index.php\/wp-json\/wp\/v2\/product_tag?post=5933"}],"curies":[{"name":"wp","href":"https:\/\/api.w.org\/{rel}","templated":true}]}}